{"id":284,"date":"2016-06-08T17:36:31","date_gmt":"2016-06-08T15:36:31","guid":{"rendered":"http:\/\/film.tunes.org\/fr\/music-scoring-service-natural-history-films\/"},"modified":"2016-10-24T11:18:48","modified_gmt":"2016-10-24T09:18:48","slug":"bande-originale-de-film-documentaire-animalier","status":"publish","type":"page","link":"https:\/\/film-tunes.org\/fr\/bande-originale-de-film-documentaire-animalier\/","title":{"rendered":"Films animaliers"},"content":{"rendered":"\n<style type=\"text\/css\" data-created_by=\"avia_inline_auto\" id=\"style-css-av-av_three_fourth-6126cab7d8fab8d08143dd2dacdf673c\">\n.flex_column.av-av_three_fourth-6126cab7d8fab8d08143dd2dacdf673c{\nborder-radius:0px 0px 0px 0px;\npadding:0px 0px 0px 0px;\n}\n<\/style>\n<div  class='flex_column av-av_three_fourth-6126cab7d8fab8d08143dd2dacdf673c av_three_fourth  avia-builder-el-0  el_before_av_one_fourth  avia-builder-el-first  first flex_column_div av-zero-column-padding  '     ><style type=\"text\/css\" data-created_by=\"avia_inline_auto\" id=\"style-css-av-av_heading-dbc42319059ce655c8bb958e880a60e2\">\n#top .av-special-heading.av-av_heading-dbc42319059ce655c8bb958e880a60e2{\npadding-bottom:10px;\n}\nbody .av-special-heading.av-av_heading-dbc42319059ce655c8bb958e880a60e2 .av-special-heading-tag .heading-char{\nfont-size:25px;\n}\n.av-special-heading.av-av_heading-dbc42319059ce655c8bb958e880a60e2 .av-subheading{\nfont-size:15px;\n}\n<\/style>\n<div  class='av-special-heading av-av_heading-dbc42319059ce655c8bb958e880a60e2 av-special-heading-h1  avia-builder-el-1  avia-builder-el-no-sibling '><h1 class='av-special-heading-tag '  itemprop=\"headline\"  >B.O. pour films animaliers<\/h1><div class=\"special-heading-border\"><div class=\"special-heading-inner-border\"><\/div><\/div><\/div><\/div>\n\n<style type=\"text\/css\" data-created_by=\"avia_inline_auto\" id=\"style-css-av-av_one_fourth-0aa7055fe62c3622faec82866afbaeb2\">\n.flex_column.av-av_one_fourth-0aa7055fe62c3622faec82866afbaeb2{\nborder-radius:0px 0px 0px 0px;\npadding:0px 0px 0px 0px;\n}\n<\/style>\n<div  class='flex_column av-av_one_fourth-0aa7055fe62c3622faec82866afbaeb2 av_one_fourth  avia-builder-el-2  el_after_av_three_fourth  el_before_av_one_third  flex_column_div av-zero-column-padding  '     ><section  class='av_textblock_section av-av_textblock-0366cc7376be6c9e82a3e9cc8987b64f '   itemscope=\"itemscope\" itemtype=\"https:\/\/schema.org\/CreativeWork\" ><div class='avia_textblock'  itemprop=\"text\" ><p style=\"text-align: center;\"><strong>Bernhard Elsner<\/strong><br \/>\nComposition pour l&rsquo;audiovisuel<\/p>\n<\/div><\/section><\/div>\n\n<style type=\"text\/css\" data-created_by=\"avia_inline_auto\" id=\"style-css-av-av_one_third-e695a30998388af64bd4bdf44ef1c283\">\n.flex_column.av-av_one_third-e695a30998388af64bd4bdf44ef1c283{\nborder-radius:0px 0px 0px 0px;\npadding:5px 5px 5px 5px;\nbackground-color:#191919;\n}\n<\/style>\n<div  class='flex_column av-av_one_third-e695a30998388af64bd4bdf44ef1c283 av_one_third  avia-builder-el-4  el_after_av_one_fourth  el_before_av_one_third  first flex_column_div av-animated-generic pop-up  column-top-margin'     ><p>\n<style type=\"text\/css\" data-created_by=\"avia_inline_auto\" id=\"style-css-av-av_heading-ab5b45e7965f504f7804a03d2f57334d\">\n#top .av-special-heading.av-av_heading-ab5b45e7965f504f7804a03d2f57334d{\npadding-bottom:0;\n}\nbody .av-special-heading.av-av_heading-ab5b45e7965f504f7804a03d2f57334d .av-special-heading-tag .heading-char{\nfont-size:25px;\n}\n.av-special-heading.av-av_heading-ab5b45e7965f504f7804a03d2f57334d .av-subheading{\nfont-size:15px;\n}\n<\/style>\n<div  class='av-special-heading av-av_heading-ab5b45e7965f504f7804a03d2f57334d av-special-heading-h3 meta-heading blockquote modern-quote modern-centered  avia-builder-el-5  el_before_av_textblock  avia-builder-el-first '><h3 class='av-special-heading-tag '  itemprop=\"headline\"  >Dokumentaire &#8211; France3<\/h3><div class=\"special-heading-border\"><div class=\"special-heading-inner-border\"><\/div><\/div><\/div><br \/>\n<section  class='av_textblock_section av-av_textblock-0366cc7376be6c9e82a3e9cc8987b64f '   itemscope=\"itemscope\" itemtype=\"https:\/\/schema.org\/CreativeWork\" ><div class='avia_textblock'  itemprop=\"text\" ><p style=\"text-align: center;\"><strong><i>Le singe qui a travers\u00e9 la mer<\/i><\/strong>\u00a0(52&prime;)<br \/>\nr\u00e9alis\u00e9 par Guillaume Vincent<\/p>\n<\/div><\/section><br \/>\n<br \/>\n<section  class='av_textblock_section av-av_textblock-0366cc7376be6c9e82a3e9cc8987b64f '   itemscope=\"itemscope\" itemtype=\"https:\/\/schema.org\/CreativeWork\" ><div class='avia_textblock'  itemprop=\"text\" ><p style=\"text-align: justify;\">Underscore music for an astonishing documentary about monkeys that swim.<\/p>\n<\/div><\/section><br \/>\n<\/p><\/div>\n<style type=\"text\/css\" data-created_by=\"avia_inline_auto\" id=\"style-css-av-av_one_third-c86ee275aa8bfca827c1238299fa3dc8\">\n.flex_column.av-av_one_third-c86ee275aa8bfca827c1238299fa3dc8{\nborder-radius:0px 0px 0px 0px;\npadding:5px 5px 5px 5px;\nbackground-color:#191919;\n}\n<\/style>\n<div  class='flex_column av-av_one_third-c86ee275aa8bfca827c1238299fa3dc8 av_one_third  avia-builder-el-10  el_after_av_one_third  el_before_av_one_third  flex_column_div av-animated-generic pop-up  column-top-margin'     ><p>\n<style type=\"text\/css\" data-created_by=\"avia_inline_auto\" id=\"style-css-av-av_heading-bb09a54d40c871b98b06fe71bded7383\">\n#top .av-special-heading.av-av_heading-bb09a54d40c871b98b06fe71bded7383{\npadding-bottom:0;\n}\nbody .av-special-heading.av-av_heading-bb09a54d40c871b98b06fe71bded7383 .av-special-heading-tag .heading-char{\nfont-size:25px;\n}\n.av-special-heading.av-av_heading-bb09a54d40c871b98b06fe71bded7383 .av-subheading{\nfont-size:15px;\n}\n<\/style>\n<div  class='av-special-heading av-av_heading-bb09a54d40c871b98b06fe71bded7383 av-special-heading-h3 meta-heading blockquote modern-quote modern-centered  avia-builder-el-11  el_before_av_textblock  avia-builder-el-first '><h3 class='av-special-heading-tag '  itemprop=\"headline\"  >Documentaire &#8211; France3<\/h3><div class=\"special-heading-border\"><div class=\"special-heading-inner-border\"><\/div><\/div><\/div><br \/>\n<section  class='av_textblock_section av-av_textblock-0366cc7376be6c9e82a3e9cc8987b64f '   itemscope=\"itemscope\" itemtype=\"https:\/\/schema.org\/CreativeWork\" ><div class='avia_textblock'  itemprop=\"text\" ><p style=\"text-align: center;\"><strong><em>Ceux qui marchent dans les pas du tigre<\/em><\/strong><i> (52&prime;)<\/i><br \/>\nr\u00e9alis\u00e9 par Guillaume Vincent<\/p>\n<\/div><\/section><br \/>\n<br \/>\n<section  class='av_textblock_section av-av_textblock-0366cc7376be6c9e82a3e9cc8987b64f '   itemscope=\"itemscope\" itemtype=\"https:\/\/schema.org\/CreativeWork\" ><div class='avia_textblock'  itemprop=\"text\" ><p style=\"text-align: justify;\">Soundtrack for a movie on siberian tigers. Listen to the title music:<\/p>\n<\/div><\/section><br \/>\n<\/p><\/div><\/p>\n\n<style type=\"text\/css\" data-created_by=\"avia_inline_auto\" id=\"style-css-av-av_one_third-c86ee275aa8bfca827c1238299fa3dc8\">\n.flex_column.av-av_one_third-c86ee275aa8bfca827c1238299fa3dc8{\nborder-radius:0px 0px 0px 0px;\npadding:5px 5px 5px 5px;\nbackground-color:#191919;\n}\n<\/style>\n<div  class='flex_column av-av_one_third-c86ee275aa8bfca827c1238299fa3dc8 av_one_third  avia-builder-el-16  el_after_av_one_third  el_before_av_one_third  flex_column_div av-animated-generic pop-up  column-top-margin'     ><p>\n<style type=\"text\/css\" data-created_by=\"avia_inline_auto\" id=\"style-css-av-av_heading-bbdd330e7b4c336b23a2bec3dea56d00\">\n#top .av-special-heading.av-av_heading-bbdd330e7b4c336b23a2bec3dea56d00{\npadding-bottom:0;\n}\nbody .av-special-heading.av-av_heading-bbdd330e7b4c336b23a2bec3dea56d00 .av-special-heading-tag .heading-char{\nfont-size:25px;\n}\n.av-special-heading.av-av_heading-bbdd330e7b4c336b23a2bec3dea56d00 .av-subheading{\nfont-size:15px;\n}\n<\/style>\n<div  class='av-special-heading av-av_heading-bbdd330e7b4c336b23a2bec3dea56d00 av-special-heading-h3 meta-heading blockquote modern-quote modern-centered  avia-builder-el-17  el_before_av_textblock  avia-builder-el-first '><h3 class='av-special-heading-tag '  itemprop=\"headline\"  >Documentaires &#8211; Equidia TV<\/h3><div class=\"special-heading-border\"><div class=\"special-heading-inner-border\"><\/div><\/div><\/div><br \/>\n<section  class='av_textblock_section av-av_textblock-0366cc7376be6c9e82a3e9cc8987b64f '   itemscope=\"itemscope\" itemtype=\"https:\/\/schema.org\/CreativeWork\" ><div class='avia_textblock'  itemprop=\"text\" ><p style=\"text-align: center;\"><strong><em>Perlofet &#8211; L&rsquo;oeil du cheval &#8211; Un Moral de cheval!<\/em><\/strong> (3&#215;52&prime;)<br \/>\nde Jean-Luc Gunst &amp; Laurent Cresp<\/p>\n<\/div><\/section><br \/>\n<br \/>\n<section  class='av_textblock_section av-av_textblock-0366cc7376be6c9e82a3e9cc8987b64f '   itemscope=\"itemscope\" itemtype=\"https:\/\/schema.org\/CreativeWork\" ><div class='avia_textblock'  itemprop=\"text\" ><p style=\"text-align: justify;\">Quelques documentaires pour passion\u00e9s de chevaux.<\/p>\n<\/div><\/section><br \/>\n<\/p><\/div>\n\n<style type=\"text\/css\" data-created_by=\"avia_inline_auto\" id=\"style-css-av-av_one_third-e695a30998388af64bd4bdf44ef1c283\">\n.flex_column.av-av_one_third-e695a30998388af64bd4bdf44ef1c283{\nborder-radius:0px 0px 0px 0px;\npadding:5px 5px 5px 5px;\nbackground-color:#191919;\n}\n<\/style>\n<div  class='flex_column av-av_one_third-e695a30998388af64bd4bdf44ef1c283 av_one_third  avia-builder-el-22  el_after_av_one_third  el_before_av_one_third  first flex_column_div av-animated-generic pop-up  column-top-margin'     ><p>\n<style type=\"text\/css\" data-created_by=\"avia_inline_auto\" id=\"style-css-av-av_heading-a8b164f49f9583f8b80d990b1071ecc3\">\n#top .av-special-heading.av-av_heading-a8b164f49f9583f8b80d990b1071ecc3{\npadding-bottom:0;\n}\nbody .av-special-heading.av-av_heading-a8b164f49f9583f8b80d990b1071ecc3 .av-special-heading-tag .heading-char{\nfont-size:25px;\n}\n.av-special-heading.av-av_heading-a8b164f49f9583f8b80d990b1071ecc3 .av-subheading{\nfont-size:15px;\n}\n<\/style>\n<div  class='av-special-heading av-av_heading-a8b164f49f9583f8b80d990b1071ecc3 av-special-heading-h3 meta-heading blockquote modern-quote modern-centered  avia-builder-el-23  el_before_av_textblock  avia-builder-el-first '><h3 class='av-special-heading-tag '  itemprop=\"headline\"  >Documentaire &#8211; Canal+<\/h3><div class=\"special-heading-border\"><div class=\"special-heading-inner-border\"><\/div><\/div><\/div><br \/>\n<section  class='av_textblock_section av-av_textblock-0366cc7376be6c9e82a3e9cc8987b64f '   itemscope=\"itemscope\" itemtype=\"https:\/\/schema.org\/CreativeWork\" ><div class='avia_textblock'  itemprop=\"text\" ><p style=\"text-align: center;\"><strong><em><i>Les oursons, orphelins de la<\/i> Ta\u00efga<\/em><\/strong> (52&prime;)<br \/>\nr\u00e9alis\u00e9 par Guillaume Vincent<\/p>\n<\/div><\/section><br \/>\n<br \/>\n<section  class='av_textblock_section av-av_textblock-0366cc7376be6c9e82a3e9cc8987b64f '   itemscope=\"itemscope\" itemtype=\"https:\/\/schema.org\/CreativeWork\" ><div class='avia_textblock'  itemprop=\"text\" ><p style=\"text-align: justify;\">Documentaire t\u00e9l\u00e9vis\u00e9 sur des jeunes ours en Sib\u00e9rie. Travail partag\u00e9 avec <a href=\"http:\/\/tanguyfollio.free.fr\/\" target=\"_blank\" rel=\"noopener\">Tanguy Follio<\/a>.<\/p>\n<\/div><\/section><br \/>\n<\/p><\/div>\n\n<style type=\"text\/css\" data-created_by=\"avia_inline_auto\" id=\"style-css-av-av_one_third-c86ee275aa8bfca827c1238299fa3dc8\">\n.flex_column.av-av_one_third-c86ee275aa8bfca827c1238299fa3dc8{\nborder-radius:0px 0px 0px 0px;\npadding:5px 5px 5px 5px;\nbackground-color:#191919;\n}\n<\/style>\n<div  class='flex_column av-av_one_third-c86ee275aa8bfca827c1238299fa3dc8 av_one_third  avia-builder-el-28  el_after_av_one_third  el_before_av_one_third  flex_column_div av-animated-generic pop-up  column-top-margin'     ><p>\n<style type=\"text\/css\" data-created_by=\"avia_inline_auto\" id=\"style-css-av-av_heading-bb09a54d40c871b98b06fe71bded7383\">\n#top .av-special-heading.av-av_heading-bb09a54d40c871b98b06fe71bded7383{\npadding-bottom:0;\n}\nbody .av-special-heading.av-av_heading-bb09a54d40c871b98b06fe71bded7383 .av-special-heading-tag .heading-char{\nfont-size:25px;\n}\n.av-special-heading.av-av_heading-bb09a54d40c871b98b06fe71bded7383 .av-subheading{\nfont-size:15px;\n}\n<\/style>\n<div  class='av-special-heading av-av_heading-bb09a54d40c871b98b06fe71bded7383 av-special-heading-h3 meta-heading blockquote modern-quote modern-centered  avia-builder-el-29  el_before_av_textblock  avia-builder-el-first '><h3 class='av-special-heading-tag '  itemprop=\"headline\"  >Documentaire &#8211; France3<\/h3><div class=\"special-heading-border\"><div class=\"special-heading-inner-border\"><\/div><\/div><\/div><br \/>\n<section  class='av_textblock_section av-av_textblock-0366cc7376be6c9e82a3e9cc8987b64f '   itemscope=\"itemscope\" itemtype=\"https:\/\/schema.org\/CreativeWork\" ><div class='avia_textblock'  itemprop=\"text\" ><p style=\"text-align: center;\"><strong><em>Passion sauvage en Guyane<\/em><\/strong> (52&prime;)<br \/>\nr\u00e9alis\u00e9 par Nicolas Jouvin<\/p>\n<\/div><\/section><br \/>\n<br \/>\n<section  class='av_textblock_section av-av_textblock-0366cc7376be6c9e82a3e9cc8987b64f '   itemscope=\"itemscope\" itemtype=\"https:\/\/schema.org\/CreativeWork\" ><div class='avia_textblock'  itemprop=\"text\" ><p style=\"text-align: justify;\">Musique pour un film sur la vie dans la for\u00eat amazonienne en Guyane fran\u00e7aise.<\/p>\n<\/div><\/section><br \/>\n<\/p><\/div>\n\n<style type=\"text\/css\" data-created_by=\"avia_inline_auto\" id=\"style-css-av-av_one_third-c86ee275aa8bfca827c1238299fa3dc8\">\n.flex_column.av-av_one_third-c86ee275aa8bfca827c1238299fa3dc8{\nborder-radius:0px 0px 0px 0px;\npadding:5px 5px 5px 5px;\nbackground-color:#191919;\n}\n<\/style>\n<div  class='flex_column av-av_one_third-c86ee275aa8bfca827c1238299fa3dc8 av_one_third  avia-builder-el-34  el_after_av_one_third  avia-builder-el-last  flex_column_div av-animated-generic pop-up  column-top-margin'     ><p>\n<style type=\"text\/css\" data-created_by=\"avia_inline_auto\" id=\"style-css-av-av_heading-bbdd330e7b4c336b23a2bec3dea56d00\">\n#top .av-special-heading.av-av_heading-bbdd330e7b4c336b23a2bec3dea56d00{\npadding-bottom:0;\n}\nbody .av-special-heading.av-av_heading-bbdd330e7b4c336b23a2bec3dea56d00 .av-special-heading-tag .heading-char{\nfont-size:25px;\n}\n.av-special-heading.av-av_heading-bbdd330e7b4c336b23a2bec3dea56d00 .av-subheading{\nfont-size:15px;\n}\n<\/style>\n<div  class='av-special-heading av-av_heading-bbdd330e7b4c336b23a2bec3dea56d00 av-special-heading-h3 meta-heading blockquote modern-quote modern-centered  avia-builder-el-35  el_before_av_textblock  avia-builder-el-first '><h3 class='av-special-heading-tag '  itemprop=\"headline\"  >Documentaires &#8211; Equidia TV<\/h3><div class=\"special-heading-border\"><div class=\"special-heading-inner-border\"><\/div><\/div><\/div><br \/>\n<section  class='av_textblock_section av-av_textblock-0366cc7376be6c9e82a3e9cc8987b64f '   itemscope=\"itemscope\" itemtype=\"https:\/\/schema.org\/CreativeWork\" ><div class='avia_textblock'  itemprop=\"text\" ><p style=\"text-align: center;\"><strong><em>Le cheval au fil des saisons<\/em><\/strong> (2 x 52&prime;)<br \/>\nde Jean-Luc Gunst &amp; Laurent Cresp<\/p>\n<\/div><\/section><br \/>\n\n<style type=\"text\/css\" data-created_by=\"avia_inline_auto\" id=\"style-css-av-av_image-ddd304464202bb2121fc650874eaa971\">\n.avia-image-container.av-av_image-ddd304464202bb2121fc650874eaa971 img.avia_image{\nbox-shadow:none;\n}\n.avia-image-container.av-av_image-ddd304464202bb2121fc650874eaa971 .av-image-caption-overlay-center{\ncolor:#ffffff;\n}\n<\/style>\n<div  class='avia-image-container av-av_image-ddd304464202bb2121fc650874eaa971 av-styling- avia-align-center  avia-builder-el-37  el_after_av_textblock  el_before_av_textblock '   itemprop=\"image\" itemscope=\"itemscope\" itemtype=\"https:\/\/schema.org\/ImageObject\" ><div class=\"avia-image-container-inner\"><div class=\"avia-image-overlay-wrap\"><img fetchpriority=\"high\" class='wp-image-648 avia-img-lazy-loading-not-648 avia_image ' src='https:\/\/film-tunes.org\/wp-content\/uploads\/2016\/06\/WP_20160301_118-300x169.jpg' alt='' title='WP_20160301_118'  height=\"169\" width=\"300\"  itemprop=\"thumbnailUrl\"  \/><\/div><\/div><\/div><br \/>\n<section  class='av_textblock_section av-av_textblock-0366cc7376be6c9e82a3e9cc8987b64f '   itemscope=\"itemscope\" itemtype=\"https:\/\/schema.org\/CreativeWork\" ><div class='avia_textblock'  itemprop=\"text\" ><p style=\"text-align: justify;\">Produit par <a href=\"http:\/\/doc-and-doc.com\/\" target=\"_blank\" rel=\"noopener\">Doc &amp; Doc.<\/a><br \/>\nTravail partag\u00e9 avec <a href=\"http:\/\/www.richard-sanderson.com\/\" target=\"_blank\" rel=\"noopener\">Richard Sanderson.<\/a><\/p>\n<\/div><\/section><\/p><\/div>\n","protected":false},"excerpt":{"rendered":"","protected":false},"author":2,"featured_media":0,"parent":0,"menu_order":0,"comment_status":"closed","ping_status":"closed","template":"","meta":{"footnotes":""},"class_list":["post-284","page","type-page","status-publish","hentry"],"_links":{"self":[{"href":"https:\/\/film-tunes.org\/fr\/wp-json\/wp\/v2\/pages\/284"}],"collection":[{"href":"https:\/\/film-tunes.org\/fr\/wp-json\/wp\/v2\/pages"}],"about":[{"href":"https:\/\/film-tunes.org\/fr\/wp-json\/wp\/v2\/types\/page"}],"author":[{"embeddable":true,"href":"https:\/\/film-tunes.org\/fr\/wp-json\/wp\/v2\/users\/2"}],"replies":[{"embeddable":true,"href":"https:\/\/film-tunes.org\/fr\/wp-json\/wp\/v2\/comments?post=284"}],"version-history":[{"count":10,"href":"https:\/\/film-tunes.org\/fr\/wp-json\/wp\/v2\/pages\/284\/revisions"}],"predecessor-version":[{"id":500,"href":"https:\/\/film-tunes.org\/fr\/wp-json\/wp\/v2\/pages\/284\/revisions\/500"}],"wp:attachment":[{"href":"https:\/\/film-tunes.org\/fr\/wp-json\/wp\/v2\/media?parent=284"}],"curies":[{"name":"wp","href":"https:\/\/api.w.org\/{rel}","templated":true}]}}