{"id":282,"date":"2016-06-13T21:50:26","date_gmt":"2016-06-13T19:50:26","guid":{"rendered":"http:\/\/film.tunes.org\/fr\/feature-film-soundtracks\/"},"modified":"2016-06-22T17:20:33","modified_gmt":"2016-06-22T15:20:33","slug":"createur-musique-originale-fictions","status":"publish","type":"page","link":"https:\/\/film-tunes.org\/fr\/createur-musique-originale-fictions\/","title":{"rendered":"Fictions"},"content":{"rendered":"\n<style type=\"text\/css\" data-created_by=\"avia_inline_auto\" id=\"style-css-av-av_three_fourth-6126cab7d8fab8d08143dd2dacdf673c\">\n.flex_column.av-av_three_fourth-6126cab7d8fab8d08143dd2dacdf673c{\nborder-radius:0px 0px 0px 0px;\npadding:0px 0px 0px 0px;\n}\n<\/style>\n<div  class='flex_column av-av_three_fourth-6126cab7d8fab8d08143dd2dacdf673c av_three_fourth  avia-builder-el-0  el_before_av_one_fourth  avia-builder-el-first  first flex_column_div av-zero-column-padding  '     ><style type=\"text\/css\" data-created_by=\"avia_inline_auto\" id=\"style-css-av-av_heading-e36317a96ec581fe946a385cb1113742\">\n#top .av-special-heading.av-av_heading-e36317a96ec581fe946a385cb1113742{\npadding-bottom:10px;\n}\nbody .av-special-heading.av-av_heading-e36317a96ec581fe946a385cb1113742 .av-special-heading-tag .heading-char{\nfont-size:25px;\n}\n.av-special-heading.av-av_heading-e36317a96ec581fe946a385cb1113742 .av-subheading{\nfont-size:15px;\n}\n<\/style>\n<div  class='av-special-heading av-av_heading-e36317a96ec581fe946a385cb1113742 av-special-heading-h1  avia-builder-el-1  avia-builder-el-no-sibling '><h1 class='av-special-heading-tag '  itemprop=\"headline\"  >Musiques originales pour fictions<\/h1><div class=\"special-heading-border\"><div class=\"special-heading-inner-border\"><\/div><\/div><\/div><\/div>\n\n<style type=\"text\/css\" data-created_by=\"avia_inline_auto\" id=\"style-css-av-av_one_fourth-0aa7055fe62c3622faec82866afbaeb2\">\n.flex_column.av-av_one_fourth-0aa7055fe62c3622faec82866afbaeb2{\nborder-radius:0px 0px 0px 0px;\npadding:0px 0px 0px 0px;\n}\n<\/style>\n<div  class='flex_column av-av_one_fourth-0aa7055fe62c3622faec82866afbaeb2 av_one_fourth  avia-builder-el-2  el_after_av_three_fourth  el_before_av_one_third  flex_column_div av-zero-column-padding  '     ><section  class='av_textblock_section av-av_textblock-0366cc7376be6c9e82a3e9cc8987b64f '   itemscope=\"itemscope\" itemtype=\"https:\/\/schema.org\/CreativeWork\" ><div class='avia_textblock'  itemprop=\"text\" ><p style=\"text-align: center;\"><strong>Bernhard Elsner<\/strong><br \/>\nCompositeur de film<\/p>\n<\/div><\/section><\/div>\n\n<style type=\"text\/css\" data-created_by=\"avia_inline_auto\" id=\"style-css-av-av_one_third-e695a30998388af64bd4bdf44ef1c283\">\n.flex_column.av-av_one_third-e695a30998388af64bd4bdf44ef1c283{\nborder-radius:0px 0px 0px 0px;\npadding:5px 5px 5px 5px;\nbackground-color:#191919;\n}\n<\/style>\n<div  class='flex_column av-av_one_third-e695a30998388af64bd4bdf44ef1c283 av_one_third  avia-builder-el-4  el_after_av_one_fourth  el_before_av_one_third  first flex_column_div av-animated-generic pop-up  column-top-margin'     ><p>\n<style type=\"text\/css\" data-created_by=\"avia_inline_auto\" id=\"style-css-av-av_heading-13dd2ab49829b088f83c0adbb1d426a4\">\n#top .av-special-heading.av-av_heading-13dd2ab49829b088f83c0adbb1d426a4{\npadding-bottom:0;\n}\nbody .av-special-heading.av-av_heading-13dd2ab49829b088f83c0adbb1d426a4 .av-special-heading-tag .heading-char{\nfont-size:25px;\n}\n.av-special-heading.av-av_heading-13dd2ab49829b088f83c0adbb1d426a4 .av-subheading{\nfont-size:15px;\n}\n<\/style>\n<div  class='av-special-heading av-av_heading-13dd2ab49829b088f83c0adbb1d426a4 av-special-heading-h3 meta-heading blockquote modern-quote modern-centered  avia-builder-el-5  el_before_av_textblock  avia-builder-el-first '><h3 class='av-special-heading-tag '  itemprop=\"headline\"  >Cin\u00e9ma<\/h3><div class=\"special-heading-border\"><div class=\"special-heading-inner-border\"><\/div><\/div><\/div><br \/>\n<section  class='av_textblock_section av-av_textblock-0366cc7376be6c9e82a3e9cc8987b64f '   itemscope=\"itemscope\" itemtype=\"https:\/\/schema.org\/CreativeWork\" ><div class='avia_textblock'  itemprop=\"text\" ><p style=\"text-align: center;\"><strong><em>Malak<\/em><\/strong> (103&prime;)<br \/>\nr\u00e9alis\u00e9 par Abdeslam Kelai<\/p>\n<\/div><\/section><br \/>\n<br \/>\n<section  class='av_textblock_section av-av_textblock-0366cc7376be6c9e82a3e9cc8987b64f '   itemscope=\"itemscope\" itemtype=\"https:\/\/schema.org\/CreativeWork\" ><div class='avia_textblock'  itemprop=\"text\" ><p style=\"text-align: justify;\">Malak, dix-sept ans, d\u00e9couvre qu&rsquo;elle est enceinte. Abandonn\u00e9e par son amant, elle d\u00e9cide de quitter sa famille et ville natale&#8230;<\/p>\n<\/div><\/section><br \/>\n<\/p><\/div>\n\n<style type=\"text\/css\" data-created_by=\"avia_inline_auto\" id=\"style-css-av-av_one_third-c86ee275aa8bfca827c1238299fa3dc8\">\n.flex_column.av-av_one_third-c86ee275aa8bfca827c1238299fa3dc8{\nborder-radius:0px 0px 0px 0px;\npadding:5px 5px 5px 5px;\nbackground-color:#191919;\n}\n<\/style>\n<div  class='flex_column av-av_one_third-c86ee275aa8bfca827c1238299fa3dc8 av_one_third  avia-builder-el-10  el_after_av_one_third  el_before_av_one_third  flex_column_div av-animated-generic pop-up  column-top-margin'     ><p>\n<style type=\"text\/css\" data-created_by=\"avia_inline_auto\" id=\"style-css-av-av_heading-573204d161888dbedd3337e71466048c\">\n#top .av-special-heading.av-av_heading-573204d161888dbedd3337e71466048c{\npadding-bottom:0;\n}\nbody .av-special-heading.av-av_heading-573204d161888dbedd3337e71466048c .av-special-heading-tag .heading-char{\nfont-size:25px;\n}\n.av-special-heading.av-av_heading-573204d161888dbedd3337e71466048c .av-subheading{\nfont-size:15px;\n}\n<\/style>\n<div  class='av-special-heading av-av_heading-573204d161888dbedd3337e71466048c av-special-heading-h3 meta-heading blockquote modern-quote modern-centered  avia-builder-el-11  el_before_av_textblock  avia-builder-el-first '><h3 class='av-special-heading-tag '  itemprop=\"headline\"  >Fiction<\/h3><div class=\"special-heading-border\"><div class=\"special-heading-inner-border\"><\/div><\/div><\/div><br \/>\n<section  class='av_textblock_section av-av_textblock-0366cc7376be6c9e82a3e9cc8987b64f '   itemscope=\"itemscope\" itemtype=\"https:\/\/schema.org\/CreativeWork\" ><div class='avia_textblock'  itemprop=\"text\" ><p style=\"text-align: center;\"><strong><em>Five<\/em> <\/strong>(80&prime;)<br \/>\nr\u00e9alis\u00e9 par Silvia Kovatchev<\/p>\n<\/div><\/section><br \/>\n<br \/>\n<section  class='av_textblock_section av-av_textblock-0366cc7376be6c9e82a3e9cc8987b64f '   itemscope=\"itemscope\" itemtype=\"https:\/\/schema.org\/CreativeWork\" ><div class='avia_textblock'  itemprop=\"text\" ><p style=\"text-align: justify;\">Musique pour un drame familial.<br \/>\nAutres extraits de la musique originale en \u00e9coute:<\/p>\n<\/div><\/section><br \/>\n<\/p><\/div>\n\n<style type=\"text\/css\" data-created_by=\"avia_inline_auto\" id=\"style-css-av-av_one_third-c86ee275aa8bfca827c1238299fa3dc8\">\n.flex_column.av-av_one_third-c86ee275aa8bfca827c1238299fa3dc8{\nborder-radius:0px 0px 0px 0px;\npadding:5px 5px 5px 5px;\nbackground-color:#191919;\n}\n<\/style>\n<div  class='flex_column av-av_one_third-c86ee275aa8bfca827c1238299fa3dc8 av_one_third  avia-builder-el-16  el_after_av_one_third  el_before_av_one_third  flex_column_div av-animated-generic pop-up  column-top-margin'     ><p>\n<style type=\"text\/css\" data-created_by=\"avia_inline_auto\" id=\"style-css-av-av_heading-16088f6e91eaa9e04035ee26220a1af3\">\n#top .av-special-heading.av-av_heading-16088f6e91eaa9e04035ee26220a1af3{\npadding-bottom:0;\n}\nbody .av-special-heading.av-av_heading-16088f6e91eaa9e04035ee26220a1af3 .av-special-heading-tag .heading-char{\nfont-size:25px;\n}\n.av-special-heading.av-av_heading-16088f6e91eaa9e04035ee26220a1af3 .av-subheading{\nfont-size:15px;\n}\n<\/style>\n<div  class='av-special-heading av-av_heading-16088f6e91eaa9e04035ee26220a1af3 av-special-heading-h3 meta-heading blockquote modern-quote modern-centered  avia-builder-el-17  el_before_av_textblock  avia-builder-el-first '><h3 class='av-special-heading-tag '  itemprop=\"headline\"  >Court m\u00e9trage<\/h3><div class=\"special-heading-border\"><div class=\"special-heading-inner-border\"><\/div><\/div><\/div><br \/>\n<section  class='av_textblock_section av-av_textblock-0366cc7376be6c9e82a3e9cc8987b64f '   itemscope=\"itemscope\" itemtype=\"https:\/\/schema.org\/CreativeWork\" ><div class='avia_textblock'  itemprop=\"text\" ><p style=\"text-align: center;\"><strong><em>The Neverending Round<\/em> <\/strong>(8&rsquo;36)<br \/>\nr\u00e9alis\u00e9 par Yassine Benjama\u00e2<\/p>\n<\/div><\/section><br \/>\n<br \/>\n<section  class='av_textblock_section av-av_textblock-0366cc7376be6c9e82a3e9cc8987b64f '   itemscope=\"itemscope\" itemtype=\"https:\/\/schema.org\/CreativeWork\" ><div class='avia_textblock'  itemprop=\"text\" ><p style=\"text-align: justify;\">Musique d\u00e9rangeante pour un film sur un th\u00e8me d\u00e9rangeant.<\/p>\n<\/div><\/section><br \/>\n<\/p><\/div>\n\n<style type=\"text\/css\" data-created_by=\"avia_inline_auto\" id=\"style-css-av-av_one_third-e695a30998388af64bd4bdf44ef1c283\">\n.flex_column.av-av_one_third-e695a30998388af64bd4bdf44ef1c283{\nborder-radius:0px 0px 0px 0px;\npadding:5px 5px 5px 5px;\nbackground-color:#191919;\n}\n<\/style>\n<div  class='flex_column av-av_one_third-e695a30998388af64bd4bdf44ef1c283 av_one_third  avia-builder-el-22  el_after_av_one_third  el_before_av_one_third  first flex_column_div av-animated-generic pop-up  column-top-margin'     ><p>\n<style type=\"text\/css\" data-created_by=\"avia_inline_auto\" id=\"style-css-av-av_heading-bbdb103d96ca79cf002fbe22d96c9ce7\">\n#top .av-special-heading.av-av_heading-bbdb103d96ca79cf002fbe22d96c9ce7{\npadding-bottom:0;\n}\nbody .av-special-heading.av-av_heading-bbdb103d96ca79cf002fbe22d96c9ce7 .av-special-heading-tag .heading-char{\nfont-size:25px;\n}\n.av-special-heading.av-av_heading-bbdb103d96ca79cf002fbe22d96c9ce7 .av-subheading{\nfont-size:15px;\n}\n<\/style>\n<div  class='av-special-heading av-av_heading-bbdb103d96ca79cf002fbe22d96c9ce7 av-special-heading-h3 meta-heading blockquote modern-quote modern-centered  avia-builder-el-23  el_before_av_textblock  avia-builder-el-first '><h3 class='av-special-heading-tag '  itemprop=\"headline\"  >Court m\u00e9trage<\/h3><div class=\"special-heading-border\"><div class=\"special-heading-inner-border\"><\/div><\/div><\/div><br \/>\n<section  class='av_textblock_section av-av_textblock-0366cc7376be6c9e82a3e9cc8987b64f '   itemscope=\"itemscope\" itemtype=\"https:\/\/schema.org\/CreativeWork\" ><div class='avia_textblock'  itemprop=\"text\" ><p style=\"text-align: center;\"><strong><em>Horla<\/em> <\/strong>(11&prime;)<br \/>\nr\u00e9alis\u00e9 par Gabriel Galand<\/p>\n<\/div><\/section><br \/>\n<br \/>\n<section  class='av_textblock_section av-av_textblock-0366cc7376be6c9e82a3e9cc8987b64f '   itemscope=\"itemscope\" itemtype=\"https:\/\/schema.org\/CreativeWork\" ><div class='avia_textblock'  itemprop=\"text\" ><p>Un jeune aristocrate pense que sa maison est hant\u00e9e. D&rsquo;apr\u00e8s la nouvelle de Guy de Maupassant.<\/p>\n<\/div><\/section><br \/>\n<\/p><\/div>\n\n<style type=\"text\/css\" data-created_by=\"avia_inline_auto\" id=\"style-css-av-av_one_third-c86ee275aa8bfca827c1238299fa3dc8\">\n.flex_column.av-av_one_third-c86ee275aa8bfca827c1238299fa3dc8{\nborder-radius:0px 0px 0px 0px;\npadding:5px 5px 5px 5px;\nbackground-color:#191919;\n}\n<\/style>\n<div  class='flex_column av-av_one_third-c86ee275aa8bfca827c1238299fa3dc8 av_one_third  avia-builder-el-28  el_after_av_one_third  el_before_av_one_third  flex_column_div av-animated-generic pop-up  column-top-margin'     ><p>\n<style type=\"text\/css\" data-created_by=\"avia_inline_auto\" id=\"style-css-av-av_heading-78284cc9498a225fbcc37ac30f97bed2\">\n#top .av-special-heading.av-av_heading-78284cc9498a225fbcc37ac30f97bed2{\npadding-bottom:0;\n}\nbody .av-special-heading.av-av_heading-78284cc9498a225fbcc37ac30f97bed2 .av-special-heading-tag .heading-char{\nfont-size:25px;\n}\n.av-special-heading.av-av_heading-78284cc9498a225fbcc37ac30f97bed2 .av-subheading{\nfont-size:15px;\n}\n<\/style>\n<div  class='av-special-heading av-av_heading-78284cc9498a225fbcc37ac30f97bed2 av-special-heading-h3 meta-heading blockquote modern-quote modern-centered  avia-builder-el-29  el_before_av_textblock  avia-builder-el-first '><h3 class='av-special-heading-tag '  itemprop=\"headline\"  >Court &#8211; Bootleg \u201975 Prod.<\/h3><div class=\"special-heading-border\"><div class=\"special-heading-inner-border\"><\/div><\/div><\/div><br \/>\n<section  class='av_textblock_section av-av_textblock-0366cc7376be6c9e82a3e9cc8987b64f '   itemscope=\"itemscope\" itemtype=\"https:\/\/schema.org\/CreativeWork\" ><div class='avia_textblock'  itemprop=\"text\" ><p style=\"text-align: center;\"><strong><em>Alcoholics Synonymous<\/em> <\/strong>(20&prime;)<br \/>\nr\u00e9alis\u00e9 par Benjamin Guerra<\/p>\n<\/div><\/section><br \/>\n<br \/>\n<section  class='av_textblock_section av-av_textblock-0366cc7376be6c9e82a3e9cc8987b64f '   itemscope=\"itemscope\" itemtype=\"https:\/\/schema.org\/CreativeWork\" ><div class='avia_textblock'  itemprop=\"text\" ><p style=\"text-align: justify;\">Partie de la B.O. pour un film sur la difficult\u00e9 de sortir d&rsquo;un cercle vicieux.<\/p>\n<\/div><\/section><br \/>\n<\/p><\/div>\n\n<style type=\"text\/css\" data-created_by=\"avia_inline_auto\" id=\"style-css-av-av_one_third-c86ee275aa8bfca827c1238299fa3dc8\">\n.flex_column.av-av_one_third-c86ee275aa8bfca827c1238299fa3dc8{\nborder-radius:0px 0px 0px 0px;\npadding:5px 5px 5px 5px;\nbackground-color:#191919;\n}\n<\/style>\n<div  class='flex_column av-av_one_third-c86ee275aa8bfca827c1238299fa3dc8 av_one_third  avia-builder-el-34  el_after_av_one_third  el_before_av_one_third  flex_column_div av-animated-generic pop-up  column-top-margin'     ><p>\n<style type=\"text\/css\" data-created_by=\"avia_inline_auto\" id=\"style-css-av-av_heading-919058097e8b648d48ba7c8052219693\">\n#top .av-special-heading.av-av_heading-919058097e8b648d48ba7c8052219693{\npadding-bottom:0;\n}\nbody .av-special-heading.av-av_heading-919058097e8b648d48ba7c8052219693 .av-special-heading-tag .heading-char{\nfont-size:25px;\n}\n.av-special-heading.av-av_heading-919058097e8b648d48ba7c8052219693 .av-subheading{\nfont-size:15px;\n}\n<\/style>\n<div  class='av-special-heading av-av_heading-919058097e8b648d48ba7c8052219693 av-special-heading-h3 meta-heading blockquote modern-quote modern-centered  avia-builder-el-35  el_before_av_textblock  avia-builder-el-first '><h3 class='av-special-heading-tag '  itemprop=\"headline\"  >Court m\u00e9trage &#8211; Lupo Productions<\/h3><div class=\"special-heading-border\"><div class=\"special-heading-inner-border\"><\/div><\/div><\/div><br \/>\n<section  class='av_textblock_section av-av_textblock-0366cc7376be6c9e82a3e9cc8987b64f '   itemscope=\"itemscope\" itemtype=\"https:\/\/schema.org\/CreativeWork\" ><div class='avia_textblock'  itemprop=\"text\" ><p style=\"text-align: center;\"><strong><em>To Build a Fire<\/em> <\/strong>(21&prime;)<br \/>\nr\u00e9alis\u00e9 par Luca Armenia<\/p>\n<\/div><\/section><br \/>\n<br \/>\n<section  class='av_textblock_section av-av_textblock-0366cc7376be6c9e82a3e9cc8987b64f '   itemscope=\"itemscope\" itemtype=\"https:\/\/schema.org\/CreativeWork\" ><div class='avia_textblock'  itemprop=\"text\" ><p style=\"text-align: justify;\">Un trappeur dans le Grand Nord lutte pour la survie. D&rsquo;apr\u00e8s la nouvelle de Jack London. Directeur photo: <a href=\"http:\/\/www.laurentking.com\/\" target=\"_blank\" rel=\"noopener\">Laurent King<\/a>.<\/p>\n<\/div><\/section><br \/>\n<\/p><\/div>\n<style type=\"text\/css\" data-created_by=\"avia_inline_auto\" id=\"style-css-av-av_one_third-e695a30998388af64bd4bdf44ef1c283\">\n.flex_column.av-av_one_third-e695a30998388af64bd4bdf44ef1c283{\nborder-radius:0px 0px 0px 0px;\npadding:5px 5px 5px 5px;\nbackground-color:#191919;\n}\n<\/style>\n<div  class='flex_column av-av_one_third-e695a30998388af64bd4bdf44ef1c283 av_one_third  avia-builder-el-40  el_after_av_one_third  el_before_av_one_third  first flex_column_div av-animated-generic pop-up  column-top-margin'     ><p>\n<style type=\"text\/css\" data-created_by=\"avia_inline_auto\" id=\"style-css-av-av_heading-e1f9bac4d68d1842f2074665cebdc939\">\n#top .av-special-heading.av-av_heading-e1f9bac4d68d1842f2074665cebdc939{\npadding-bottom:0;\n}\nbody .av-special-heading.av-av_heading-e1f9bac4d68d1842f2074665cebdc939 .av-special-heading-tag .heading-char{\nfont-size:25px;\n}\n.av-special-heading.av-av_heading-e1f9bac4d68d1842f2074665cebdc939 .av-subheading{\nfont-size:15px;\n}\n<\/style>\n<div  class='av-special-heading av-av_heading-e1f9bac4d68d1842f2074665cebdc939 av-special-heading-h3 meta-heading blockquote modern-quote modern-centered  avia-builder-el-41  el_before_av_textblock  avia-builder-el-first '><h3 class='av-special-heading-tag '  itemprop=\"headline\"  >Trailer<\/h3><div class=\"special-heading-border\"><div class=\"special-heading-inner-border\"><\/div><\/div><\/div><br \/>\n<section  class='av_textblock_section av-av_textblock-0366cc7376be6c9e82a3e9cc8987b64f '   itemscope=\"itemscope\" itemtype=\"https:\/\/schema.org\/CreativeWork\" ><div class='avia_textblock'  itemprop=\"text\" ><p style=\"text-align: center;\"><strong><em>Joseph, Chevalier de Saint-George<\/em> <\/strong>(5&prime;)<br \/>\nr\u00e9alis\u00e9 par David Tomaszewski<\/p>\n<\/div><\/section><br \/>\n<br \/>\n<section  class='av_textblock_section av-av_textblock-0366cc7376be6c9e82a3e9cc8987b64f '   itemscope=\"itemscope\" itemtype=\"https:\/\/schema.org\/CreativeWork\" ><div class='avia_textblock'  itemprop=\"text\" ><p style=\"text-align: justify;\">Le <a href=\"http:\/\/fr.wikipedia.org\/wiki\/Chevalier_de_Saint-George\" target=\"_blank\" rel=\"noopener\">Chevalier de Saint-George<\/a> \u00e9tait connu pour ses exploits en escrime et aupr\u00e8s du sexe f\u00e9minin, mais aussi comme violoniste et compositeur.<\/p>\n<\/div><\/section><br \/>\n<\/p><\/div><\/p>\n\n<style type=\"text\/css\" data-created_by=\"avia_inline_auto\" id=\"style-css-av-av_one_third-c86ee275aa8bfca827c1238299fa3dc8\">\n.flex_column.av-av_one_third-c86ee275aa8bfca827c1238299fa3dc8{\nborder-radius:0px 0px 0px 0px;\npadding:5px 5px 5px 5px;\nbackground-color:#191919;\n}\n<\/style>\n<div  class='flex_column av-av_one_third-c86ee275aa8bfca827c1238299fa3dc8 av_one_third  avia-builder-el-46  el_after_av_one_third  el_before_av_one_third  flex_column_div av-animated-generic pop-up  column-top-margin'     ><p>\n<style type=\"text\/css\" data-created_by=\"avia_inline_auto\" id=\"style-css-av-av_heading-b17156326094ed5afe00f406431c8452\">\n#top .av-special-heading.av-av_heading-b17156326094ed5afe00f406431c8452{\npadding-bottom:0;\n}\nbody .av-special-heading.av-av_heading-b17156326094ed5afe00f406431c8452 .av-special-heading-tag .heading-char{\nfont-size:25px;\n}\n.av-special-heading.av-av_heading-b17156326094ed5afe00f406431c8452 .av-subheading{\nfont-size:15px;\n}\n<\/style>\n<div  class='av-special-heading av-av_heading-b17156326094ed5afe00f406431c8452 av-special-heading-h3 meta-heading blockquote modern-quote modern-centered  avia-builder-el-47  el_before_av_textblock  avia-builder-el-first '><h3 class='av-special-heading-tag '  itemprop=\"headline\"  >Film d\u2019animation Super8<\/h3><div class=\"special-heading-border\"><div class=\"special-heading-inner-border\"><\/div><\/div><\/div><br \/>\n<section  class='av_textblock_section av-av_textblock-0366cc7376be6c9e82a3e9cc8987b64f '   itemscope=\"itemscope\" itemtype=\"https:\/\/schema.org\/CreativeWork\" ><div class='avia_textblock'  itemprop=\"text\" ><p style=\"text-align: center;\"><strong><em>Formica alucafca<\/em> <\/strong>(6&prime;)<br \/>\nr\u00e9alis\u00e9 par Bernhard Elsner<\/p>\n<\/div><\/section><br \/>\n<br \/>\n<section  class='av_textblock_section av-av_textblock-0366cc7376be6c9e82a3e9cc8987b64f '   itemscope=\"itemscope\" itemtype=\"https:\/\/schema.org\/CreativeWork\" ><div class='avia_textblock'  itemprop=\"text\" ><p style=\"text-align: justify;\">Amusement amical avec hommage \u00e0 Kafka.<br \/>\nEcouter la musique originale seule :<\/p>\n<\/div><\/section><br \/>\n<\/p><\/div>\n\n<style type=\"text\/css\" data-created_by=\"avia_inline_auto\" id=\"style-css-av-av_one_third-c86ee275aa8bfca827c1238299fa3dc8\">\n.flex_column.av-av_one_third-c86ee275aa8bfca827c1238299fa3dc8{\nborder-radius:0px 0px 0px 0px;\npadding:5px 5px 5px 5px;\nbackground-color:#191919;\n}\n<\/style>\n<div  class='flex_column av-av_one_third-c86ee275aa8bfca827c1238299fa3dc8 av_one_third  avia-builder-el-52  el_after_av_one_third  avia-builder-el-last  flex_column_div av-animated-generic pop-up  column-top-margin'     ><p>\n<style type=\"text\/css\" data-created_by=\"avia_inline_auto\" id=\"style-css-av-av_heading-920f8e32ba737fb09d5efd566f46ea58\">\n#top .av-special-heading.av-av_heading-920f8e32ba737fb09d5efd566f46ea58{\npadding-bottom:0;\n}\nbody .av-special-heading.av-av_heading-920f8e32ba737fb09d5efd566f46ea58 .av-special-heading-tag .heading-char{\nfont-size:25px;\n}\n.av-special-heading.av-av_heading-920f8e32ba737fb09d5efd566f46ea58 .av-subheading{\nfont-size:15px;\n}\n<\/style>\n<div  class='av-special-heading av-av_heading-920f8e32ba737fb09d5efd566f46ea58 av-special-heading-h3 meta-heading blockquote modern-quote modern-centered  avia-builder-el-53  el_before_av_textblock  avia-builder-el-first '><h3 class='av-special-heading-tag '  itemprop=\"headline\"  >Film d\u2019\u00e9tudiant<\/h3><div class=\"special-heading-border\"><div class=\"special-heading-inner-border\"><\/div><\/div><\/div><br \/>\n<section  class='av_textblock_section av-av_textblock-0366cc7376be6c9e82a3e9cc8987b64f '   itemscope=\"itemscope\" itemtype=\"https:\/\/schema.org\/CreativeWork\" ><div class='avia_textblock'  itemprop=\"text\" ><p style=\"text-align: center;\"><strong><i>Angel&rsquo;s Meal<\/i> <\/strong>(4&prime;)<br \/>\nr\u00e9alis\u00e9 par Yvonne Miehlke<\/p>\n<\/div><\/section><br \/>\n<br \/>\n<section  class='av_textblock_section av-av_textblock-0366cc7376be6c9e82a3e9cc8987b64f '   itemscope=\"itemscope\" itemtype=\"https:\/\/schema.org\/CreativeWork\" ><div class='avia_textblock'  itemprop=\"text\" ><p>Musique romantique pour hautbois et quatuor \u00e0 cordes.<\/p>\n<\/div><\/section><br \/>\n<\/p><\/div>\n","protected":false},"excerpt":{"rendered":"","protected":false},"author":2,"featured_media":0,"parent":0,"menu_order":0,"comment_status":"closed","ping_status":"closed","template":"","meta":{"footnotes":""},"class_list":["post-282","page","type-page","status-publish","hentry"],"_links":{"self":[{"href":"https:\/\/film-tunes.org\/fr\/wp-json\/wp\/v2\/pages\/282"}],"collection":[{"href":"https:\/\/film-tunes.org\/fr\/wp-json\/wp\/v2\/pages"}],"about":[{"href":"https:\/\/film-tunes.org\/fr\/wp-json\/wp\/v2\/types\/page"}],"author":[{"embeddable":true,"href":"https:\/\/film-tunes.org\/fr\/wp-json\/wp\/v2\/users\/2"}],"replies":[{"embeddable":true,"href":"https:\/\/film-tunes.org\/fr\/wp-json\/wp\/v2\/comments?post=282"}],"version-history":[{"count":11,"href":"https:\/\/film-tunes.org\/fr\/wp-json\/wp\/v2\/pages\/282\/revisions"}],"predecessor-version":[{"id":361,"href":"https:\/\/film-tunes.org\/fr\/wp-json\/wp\/v2\/pages\/282\/revisions\/361"}],"wp:attachment":[{"href":"https:\/\/film-tunes.org\/fr\/wp-json\/wp\/v2\/media?parent=282"}],"curies":[{"name":"wp","href":"https:\/\/api.w.org\/{rel}","templated":true}]}}