{"id":262,"date":"2016-06-16T09:55:50","date_gmt":"2016-06-16T07:55:50","guid":{"rendered":"http:\/\/film.tunes.org\/?page_id=262&#038;lang=fr"},"modified":"2026-01-09T21:10:33","modified_gmt":"2026-01-09T20:10:33","slug":"accueil","status":"publish","type":"page","link":"https:\/\/film-tunes.org\/fr\/","title":{"rendered":"Accueil"},"content":{"rendered":"\n<style type=\"text\/css\" data-created_by=\"avia_inline_auto\" id=\"style-css-av-av_section-84d75e9ef68f781ed5fab8687209eaec\">\n.avia-section.av-av_section-84d75e9ef68f781ed5fab8687209eaec{\nbackground-color:#191919;\nbackground-image:unset;\n}\n<\/style>\n<div id='av_section_1'  class='avia-section av-av_section-84d75e9ef68f781ed5fab8687209eaec main_color avia-section-small avia-shadow  avia-builder-el-0  el_before_av_one_third  avia-builder-el-first  avia-bg-style-scroll container_wrap fullsize'  ><div class='container av-section-cont-open' ><main  role=\"main\" itemprop=\"mainContentOfPage\"  class='template-page content  av-content-full alpha units'><div class='post-entry post-entry-type-page post-entry-262'><div class='entry-content-wrapper clearfix'>\n\n<style type=\"text\/css\" data-created_by=\"avia_inline_auto\" id=\"style-css-av-av_three_fourth-6126cab7d8fab8d08143dd2dacdf673c\">\n.flex_column.av-av_three_fourth-6126cab7d8fab8d08143dd2dacdf673c{\nborder-radius:0px 0px 0px 0px;\npadding:0px 0px 0px 0px;\n}\n<\/style>\n<div  class='flex_column av-av_three_fourth-6126cab7d8fab8d08143dd2dacdf673c av_three_fourth  avia-builder-el-1  el_before_av_one_fourth  avia-builder-el-first  first flex_column_div av-zero-column-padding  '     ><section  class='av_textblock_section av-av_textblock-0366cc7376be6c9e82a3e9cc8987b64f '   itemscope=\"itemscope\" itemtype=\"https:\/\/schema.org\/CreativeWork\" ><div class='avia_textblock'  itemprop=\"text\" ><p style=\"text-align: justify;\"><strong>Bienvenu sur mon site musical ! <\/strong>Ici vous pourrez \u00e9couter et voir des extraits audio et vid\u00e9o de mes compositions pour des documentaires et des films. Et peut-\u00eatre trouverez-vous une bande originale se rapprochant de ce que vous recherchez pour votre projet. S&rsquo;il vous pla\u00eet contactez-moi si vous \u00eates un r\u00e9alisateur \u00e0 la recherche d&rsquo;une collaboration.<\/p>\n<p>Je vous invite \u00e0 vous rendre sur les pages ECOUTER &amp; VOIR pour consulter mes r\u00e9f\u00e9rences en tant que compositeur de film et conna\u00eetre les r\u00e9alisateurs et producteurs avec lesquels j&rsquo;ai travaill\u00e9.<\/p>\n<p>Harmonieusement v\u00f4tre<\/p>\n<\/div><\/section><\/div>\n<style type=\"text\/css\" data-created_by=\"avia_inline_auto\" id=\"style-css-av-av_one_fourth-0aa7055fe62c3622faec82866afbaeb2\">\n.flex_column.av-av_one_fourth-0aa7055fe62c3622faec82866afbaeb2{\nborder-radius:0px 0px 0px 0px;\npadding:0px 0px 0px 0px;\n}\n<\/style>\n<div  class='flex_column av-av_one_fourth-0aa7055fe62c3622faec82866afbaeb2 av_one_fourth  avia-builder-el-3  el_after_av_three_fourth  avia-builder-el-last  flex_column_div av-zero-column-padding  '     ><p>\n<style type=\"text\/css\" data-created_by=\"avia_inline_auto\" id=\"style-css-av-av_image-b45d11a68acc2f5b1f506b4e0e2ae42e\">\n.avia-image-container.av-av_image-b45d11a68acc2f5b1f506b4e0e2ae42e img.avia_image{\nbox-shadow:none;\n}\n.avia-image-container.av-av_image-b45d11a68acc2f5b1f506b4e0e2ae42e .av-image-caption-overlay-center{\ncolor:#ffffff;\n}\n<\/style>\n<div  class='avia-image-container av-av_image-b45d11a68acc2f5b1f506b4e0e2ae42e av-styling- avia_animated_image av-animated-when-visible-95 fade-in avia-align-center  avia-builder-el-4  el_before_av_textblock  avia-builder-el-first '   itemprop=\"image\" itemscope=\"itemscope\" itemtype=\"https:\/\/schema.org\/ImageObject\" ><div class=\"avia-image-container-inner\"><div class=\"avia-image-overlay-wrap\"><img fetchpriority=\"high\" class='wp-image-638 avia-img-lazy-loading-not-638 avia_image ' src='https:\/\/film-tunes.org\/wp-content\/uploads\/2016\/06\/bernhard_elsner_composer_opt.jpg' alt='' title='bernhard_elsner_composer_opt'  height=\"148\" width=\"222\"  itemprop=\"thumbnailUrl\"  \/><\/div><\/div><\/div><br \/>\n<section  class='av_textblock_section av-av_textblock-0366cc7376be6c9e82a3e9cc8987b64f '   itemscope=\"itemscope\" itemtype=\"https:\/\/schema.org\/CreativeWork\" ><div class='avia_textblock'  itemprop=\"text\" ><p style=\"text-align: center;\"><strong>Bernhard Elsner<\/strong><br \/>\nCompositeur de musique de film<\/p>\n<\/div><\/section><\/p><\/div>\n<\/div><\/div><\/main><!-- close content main element --><\/div><\/div><div id='after_section_1'  class='main_color av_default_container_wrap container_wrap fullsize'  ><div class='container av-section-cont-open' ><div class='template-page content  av-content-full alpha units'><div class='post-entry post-entry-type-page post-entry-262'><div class='entry-content-wrapper clearfix'>\n\n<style type=\"text\/css\" data-created_by=\"avia_inline_auto\" id=\"style-css-av-av_one_third-6126cab7d8fab8d08143dd2dacdf673c\">\n.flex_column.av-av_one_third-6126cab7d8fab8d08143dd2dacdf673c{\nborder-radius:0px 0px 0px 0px;\npadding:0px 0px 0px 0px;\n}\n<\/style>\n<div  class='flex_column av-av_one_third-6126cab7d8fab8d08143dd2dacdf673c av_one_third  avia-builder-el-6  el_after_av_section  el_before_av_one_third  avia-builder-el-first  first flex_column_div av-zero-column-padding  '     ><p>\n<style type=\"text\/css\" data-created_by=\"avia_inline_auto\" id=\"style-css-av-av_heading-f47bbec7e5c90933fba85b61e1425359\">\n#top .av-special-heading.av-av_heading-f47bbec7e5c90933fba85b61e1425359{\npadding-bottom:10px;\n}\nbody .av-special-heading.av-av_heading-f47bbec7e5c90933fba85b61e1425359 .av-special-heading-tag .heading-char{\nfont-size:25px;\n}\n.av-special-heading.av-av_heading-f47bbec7e5c90933fba85b61e1425359 .av-subheading{\nfont-size:15px;\n}\n<\/style>\n<div  class='av-special-heading av-av_heading-f47bbec7e5c90933fba85b61e1425359 av-special-heading-h3  avia-builder-el-7  el_before_av_codeblock  avia-builder-el-first '><h3 class='av-special-heading-tag '  itemprop=\"headline\"  >Quelques compositions en \u00e9coute<\/h3><div class=\"special-heading-border\"><div class=\"special-heading-inner-border\"><\/div><\/div><\/div><br \/>\n<\/p><\/div>\n\n<style type=\"text\/css\" data-created_by=\"avia_inline_auto\" id=\"style-css-av-av_one_third-0aa7055fe62c3622faec82866afbaeb2\">\n.flex_column.av-av_one_third-0aa7055fe62c3622faec82866afbaeb2{\nborder-radius:0px 0px 0px 0px;\npadding:0px 0px 0px 0px;\n}\n<\/style>\n<div  class='flex_column av-av_one_third-0aa7055fe62c3622faec82866afbaeb2 av_one_third  avia-builder-el-9  el_after_av_one_third  el_before_av_one_third  flex_column_div av-zero-column-padding  '     ><p>\n<style type=\"text\/css\" data-created_by=\"avia_inline_auto\" id=\"style-css-av-av_heading-02f8c22ba543efeb28053219950d790c\">\n#top .av-special-heading.av-av_heading-02f8c22ba543efeb28053219950d790c{\npadding-bottom:10px;\n}\nbody .av-special-heading.av-av_heading-02f8c22ba543efeb28053219950d790c .av-special-heading-tag .heading-char{\nfont-size:25px;\n}\n.av-special-heading.av-av_heading-02f8c22ba543efeb28053219950d790c .av-subheading{\nfont-size:15px;\n}\n<\/style>\n<div  class='av-special-heading av-av_heading-02f8c22ba543efeb28053219950d790c av-special-heading-h3  avia-builder-el-10  el_before_av_textblock  avia-builder-el-first '><h3 class='av-special-heading-tag '  itemprop=\"headline\"  >Un extrait vid\u00e9o<\/h3><div class=\"special-heading-border\"><div class=\"special-heading-inner-border\"><\/div><\/div><\/div><br \/>\n<section  class='av_textblock_section av-av_textblock-2de302bf1aa3cf4c9157dbe6f50ac7eb '   itemscope=\"itemscope\" itemtype=\"https:\/\/schema.org\/CreativeWork\" ><div class='avia_textblock'  itemprop=\"text\" ><p style=\"text-align: center;\"><em><cite><strong>Publicit\u00e9 Lidl<\/strong><\/cite><\/em><br \/>\navec Thierry Angelvy<\/p>\n<\/div><\/section><br \/>\n<br \/>\n<section  class='av_textblock_section av-av_textblock-2de302bf1aa3cf4c9157dbe6f50ac7eb '   itemscope=\"itemscope\" itemtype=\"https:\/\/schema.org\/CreativeWork\" ><div class='avia_textblock'  itemprop=\"text\" ><p style=\"text-align: justify;\">Musique pour une campagne publicitaire de Lidl. Instrumentation :\u00a0 septuor \u00e0 cordes, enregistr\u00e9 au <a href=\"https:\/\/www.bing.com\/ck\/a?!&amp;&amp;p=a4a156ebcb642cadc36ce1191d7c79b4b56cc6ec3e8eb81d6f44fe5ff62b3928JmltdHM9MTc2NzkxNjgwMA&amp;ptn=3&amp;ver=2&amp;hsh=4&amp;fclid=01949a34-6d16-689c-363a-89ec6c376941&amp;u=a1aHR0cDovL3d3dy5uaWNlc291bmRzdHVkaW8uZnIv\" target=\"_blank\" rel=\"noopener\">Nice Sound Studio<\/a>.<\/p>\n<\/div><\/section><\/p><\/div>\n<style type=\"text\/css\" data-created_by=\"avia_inline_auto\" id=\"style-css-av-av_one_third-0aa7055fe62c3622faec82866afbaeb2\">\n.flex_column.av-av_one_third-0aa7055fe62c3622faec82866afbaeb2{\nborder-radius:0px 0px 0px 0px;\npadding:0px 0px 0px 0px;\n}\n<\/style>\n<div  class='flex_column av-av_one_third-0aa7055fe62c3622faec82866afbaeb2 av_one_third  avia-builder-el-14  el_after_av_one_third  avia-builder-el-last  flex_column_div av-zero-column-padding  '     ><p>\n<style type=\"text\/css\" data-created_by=\"avia_inline_auto\" id=\"style-css-av-av_heading-3747c6fc135cd13f8ca1c29b2daa3a08\">\n#top .av-special-heading.av-av_heading-3747c6fc135cd13f8ca1c29b2daa3a08{\npadding-bottom:10px;\n}\nbody .av-special-heading.av-av_heading-3747c6fc135cd13f8ca1c29b2daa3a08 .av-special-heading-tag .heading-char{\nfont-size:25px;\n}\n.av-special-heading.av-av_heading-3747c6fc135cd13f8ca1c29b2daa3a08 .av-subheading{\nfont-size:15px;\n}\n<\/style>\n<div  class='av-special-heading av-av_heading-3747c6fc135cd13f8ca1c29b2daa3a08 av-special-heading-h3  avia-builder-el-15  el_before_av_textblock  avia-builder-el-first '><h3 class='av-special-heading-tag '  itemprop=\"headline\"  >Filmographie<\/h3><div class=\"special-heading-border\"><div class=\"special-heading-inner-border\"><\/div><\/div><\/div><br \/>\n<section  class='av_textblock_section av-av_textblock-0366cc7376be6c9e82a3e9cc8987b64f '   itemscope=\"itemscope\" itemtype=\"https:\/\/schema.org\/CreativeWork\" ><div class='avia_textblock'  itemprop=\"text\" ><p>S\u00e9lectionnez une cat\u00e9gorie pour voir et entendre plus de musiques de film :<\/p>\n<ul>\n<li><a href=\"http:\/\/film-tunes.org\/fr\/compositeur-musique-pour-documentaires\/\">Documentaires<\/a><\/li>\n<li><a href=\"http:\/\/film-tunes.org\/fr\/bande-originale-de-film-documentaire-animalier\/\">Films animaliers <\/a><\/li>\n<li><a href=\"http:\/\/film-tunes.org\/fr\/createur-musique-originale-fictions\/\">Fictions<\/a><\/li>\n<li><a href=\"http:\/\/film-tunes.org\/fr\/illustration-musicale-pour-film-institutionnel\/\">Institutionnel &amp; autres<\/a><\/li>\n<\/ul>\n<\/div><\/section><br \/>\n\n<style type=\"text\/css\" data-created_by=\"avia_inline_auto\" id=\"style-css-av-av_heading-02e4f38a6c74a9b28fd58c40e707390e\">\n#top .av-special-heading.av-av_heading-02e4f38a6c74a9b28fd58c40e707390e{\npadding-bottom:10px;\n}\nbody .av-special-heading.av-av_heading-02e4f38a6c74a9b28fd58c40e707390e .av-special-heading-tag .heading-char{\nfont-size:25px;\n}\n.av-special-heading.av-av_heading-02e4f38a6c74a9b28fd58c40e707390e .av-subheading{\nfont-size:15px;\n}\n<\/style>\n<div  class='av-special-heading av-av_heading-02e4f38a6c74a9b28fd58c40e707390e av-special-heading-h3  avia-builder-el-17  el_after_av_textblock  el_before_av_textblock '><h3 class='av-special-heading-tag '  itemprop=\"headline\"  >Actualit\u00e9s<\/h3><div class=\"special-heading-border\"><div class=\"special-heading-inner-border\"><\/div><\/div><\/div><br \/>\n<section  class='av_textblock_section av-av_textblock-2de302bf1aa3cf4c9157dbe6f50ac7eb '   itemscope=\"itemscope\" itemtype=\"https:\/\/schema.org\/CreativeWork\" ><div class='avia_textblock'  itemprop=\"text\" ><p>Sortie de l&rsquo;album d&rsquo;illustration musicale <a href=\"https:\/\/myma.emipm.com\/fr\/browse\/labels\/MYR\/36\" target=\"_blank\" rel=\"noopener\">Classical Hit Point<\/a> \u00e9dit\u00e9 par le label Myma chez <a href=\"https:\/\/myma.emipm.com\/fr\/\" target=\"_blank\" rel=\"noopener\">EMI Production Music<\/a>.<br \/>\nEgalement disponible chez <a href=\"https:\/\/open.spotify.com\/album\/3eu39AR5MphxrG4L3ayIuW\" target=\"_blank\" rel=\"noopener\">Spotify<\/a>, <a href=\"https:\/\/itunes.apple.com\/album\/1454857744\" target=\"_blank\" rel=\"noopener\">i-Tunes<\/a>, <a href=\"https:\/\/www.deezer.com\/album\/89061412\" target=\"_blank\" rel=\"noopener\">Deezer<\/a> et <a href=\"https:\/\/www.amazon.com\/Classical-Hit-Point\/dp\/B07P681344\" target=\"_blank\" rel=\"noopener\">Amazon<\/a>.<\/p>\n<\/div><\/section><br \/>\n\n<style type=\"text\/css\" data-created_by=\"avia_inline_auto\" id=\"style-css-av-av_heading-2c7c8e661ebd976adc0c1a13b7781be1\">\n#top .av-special-heading.av-av_heading-2c7c8e661ebd976adc0c1a13b7781be1{\npadding-bottom:10px;\n}\nbody .av-special-heading.av-av_heading-2c7c8e661ebd976adc0c1a13b7781be1 .av-special-heading-tag .heading-char{\nfont-size:25px;\n}\n.av-special-heading.av-av_heading-2c7c8e661ebd976adc0c1a13b7781be1 .av-subheading{\nfont-size:15px;\n}\n<\/style>\n<div  class='av-special-heading av-av_heading-2c7c8e661ebd976adc0c1a13b7781be1 av-special-heading-h3  avia-builder-el-19  el_after_av_textblock  el_before_av_textblock '><h3 class='av-special-heading-tag '  itemprop=\"headline\"  >Liens<\/h3><div class=\"special-heading-border\"><div class=\"special-heading-inner-border\"><\/div><\/div><\/div><br \/>\n<section  class='av_textblock_section av-av_textblock-0366cc7376be6c9e82a3e9cc8987b64f '   itemscope=\"itemscope\" itemtype=\"https:\/\/schema.org\/CreativeWork\" ><div class='avia_textblock'  itemprop=\"text\" ><p>Ensemble avec les compositeurs <a href=\"http:\/\/www.alexandre-mabeix.com\" target=\"_blank\" rel=\"noopener\">Alexandre Mabeix<\/a> et <a href=\"http:\/\/tanguyfollio.free.fr\" target=\"_blank\" rel=\"noopener\">Tanguy Follio<\/a>, je fais partie de la Tro\u00efka. Nous avons d\u00e9cid\u00e9 d&rsquo;unir notre savoir-faire musical et nous nous sommes regroup\u00e9s au sein d&rsquo;un m\u00eame site Internet : <a href=\"http:\/\/www.latroika.com\" target=\"_blank\" rel=\"noopener\">www.latroika.com<\/a><\/p>\n<\/div><\/section><\/p><\/div><\/p>\n","protected":false},"excerpt":{"rendered":"","protected":false},"author":1,"featured_media":0,"parent":0,"menu_order":0,"comment_status":"closed","ping_status":"closed","template":"","meta":{"footnotes":""},"class_list":["post-262","page","type-page","status-publish","hentry"],"_links":{"self":[{"href":"https:\/\/film-tunes.org\/fr\/wp-json\/wp\/v2\/pages\/262"}],"collection":[{"href":"https:\/\/film-tunes.org\/fr\/wp-json\/wp\/v2\/pages"}],"about":[{"href":"https:\/\/film-tunes.org\/fr\/wp-json\/wp\/v2\/types\/page"}],"author":[{"embeddable":true,"href":"https:\/\/film-tunes.org\/fr\/wp-json\/wp\/v2\/users\/1"}],"replies":[{"embeddable":true,"href":"https:\/\/film-tunes.org\/fr\/wp-json\/wp\/v2\/comments?post=262"}],"version-history":[{"count":25,"href":"https:\/\/film-tunes.org\/fr\/wp-json\/wp\/v2\/pages\/262\/revisions"}],"predecessor-version":[{"id":624,"href":"https:\/\/film-tunes.org\/fr\/wp-json\/wp\/v2\/pages\/262\/revisions\/624"}],"wp:attachment":[{"href":"https:\/\/film-tunes.org\/fr\/wp-json\/wp\/v2\/media?parent=262"}],"curies":[{"name":"wp","href":"https:\/\/api.w.org\/{rel}","templated":true}]}}