{"id":283,"date":"2016-06-13T21:50:26","date_gmt":"2016-06-13T19:50:26","guid":{"rendered":"http:\/\/film.tunes.org\/de\/feature-film-soundtracks\/"},"modified":"2016-06-22T17:25:03","modified_gmt":"2016-06-22T15:25:03","slug":"komponist-musik-fuer-spielfilme","status":"publish","type":"page","link":"https:\/\/film-tunes.org\/de\/komponist-musik-fuer-spielfilme\/","title":{"rendered":"Spielfilme"},"content":{"rendered":"\n<style type=\"text\/css\" data-created_by=\"avia_inline_auto\" id=\"style-css-av-av_three_fourth-6126cab7d8fab8d08143dd2dacdf673c\">\n.flex_column.av-av_three_fourth-6126cab7d8fab8d08143dd2dacdf673c{\nborder-radius:0px 0px 0px 0px;\npadding:0px 0px 0px 0px;\n}\n<\/style>\n<div  class='flex_column av-av_three_fourth-6126cab7d8fab8d08143dd2dacdf673c av_three_fourth  avia-builder-el-0  el_before_av_one_fourth  avia-builder-el-first  first flex_column_div av-zero-column-padding  '     ><style type=\"text\/css\" data-created_by=\"avia_inline_auto\" id=\"style-css-av-av_heading-da6c263b8cef701a04924d5d7a8d4b97\">\n#top .av-special-heading.av-av_heading-da6c263b8cef701a04924d5d7a8d4b97{\npadding-bottom:10px;\n}\nbody .av-special-heading.av-av_heading-da6c263b8cef701a04924d5d7a8d4b97 .av-special-heading-tag .heading-char{\nfont-size:25px;\n}\n.av-special-heading.av-av_heading-da6c263b8cef701a04924d5d7a8d4b97 .av-subheading{\nfont-size:15px;\n}\n<\/style>\n<div  class='av-special-heading av-av_heading-da6c263b8cef701a04924d5d7a8d4b97 av-special-heading-h1  avia-builder-el-1  avia-builder-el-no-sibling '><h1 class='av-special-heading-tag '  itemprop=\"headline\"  >Musik f\u00fcr Spielfilme<\/h1><div class=\"special-heading-border\"><div class=\"special-heading-inner-border\"><\/div><\/div><\/div><\/div>\n\n<style type=\"text\/css\" data-created_by=\"avia_inline_auto\" id=\"style-css-av-av_one_fourth-0aa7055fe62c3622faec82866afbaeb2\">\n.flex_column.av-av_one_fourth-0aa7055fe62c3622faec82866afbaeb2{\nborder-radius:0px 0px 0px 0px;\npadding:0px 0px 0px 0px;\n}\n<\/style>\n<div  class='flex_column av-av_one_fourth-0aa7055fe62c3622faec82866afbaeb2 av_one_fourth  avia-builder-el-2  el_after_av_three_fourth  el_before_av_one_third  flex_column_div av-zero-column-padding  '     ><section  class='av_textblock_section av-av_textblock-0366cc7376be6c9e82a3e9cc8987b64f '   itemscope=\"itemscope\" itemtype=\"https:\/\/schema.org\/CreativeWork\" ><div class='avia_textblock'  itemprop=\"text\" ><p style=\"text-align: center;\"><strong>Bernhard Elsner<\/strong><br \/>\nFilmkomponist<\/p>\n<\/div><\/section><\/div>\n\n<style type=\"text\/css\" data-created_by=\"avia_inline_auto\" id=\"style-css-av-av_one_third-e695a30998388af64bd4bdf44ef1c283\">\n.flex_column.av-av_one_third-e695a30998388af64bd4bdf44ef1c283{\nborder-radius:0px 0px 0px 0px;\npadding:5px 5px 5px 5px;\nbackground-color:#191919;\n}\n<\/style>\n<div  class='flex_column av-av_one_third-e695a30998388af64bd4bdf44ef1c283 av_one_third  avia-builder-el-4  el_after_av_one_fourth  el_before_av_one_third  first flex_column_div av-animated-generic pop-up  column-top-margin'     ><p>\n<style type=\"text\/css\" data-created_by=\"avia_inline_auto\" id=\"style-css-av-av_heading-54a0b232f34b45f2a58a561f9a56231b\">\n#top .av-special-heading.av-av_heading-54a0b232f34b45f2a58a561f9a56231b{\npadding-bottom:0;\n}\nbody .av-special-heading.av-av_heading-54a0b232f34b45f2a58a561f9a56231b .av-special-heading-tag .heading-char{\nfont-size:25px;\n}\n.av-special-heading.av-av_heading-54a0b232f34b45f2a58a561f9a56231b .av-subheading{\nfont-size:15px;\n}\n<\/style>\n<div  class='av-special-heading av-av_heading-54a0b232f34b45f2a58a561f9a56231b av-special-heading-h3 meta-heading blockquote modern-quote modern-centered  avia-builder-el-5  el_before_av_textblock  avia-builder-el-first '><h3 class='av-special-heading-tag '  itemprop=\"headline\"  >Kino<\/h3><div class=\"special-heading-border\"><div class=\"special-heading-inner-border\"><\/div><\/div><\/div><br \/>\n<section  class='av_textblock_section av-av_textblock-0366cc7376be6c9e82a3e9cc8987b64f '   itemscope=\"itemscope\" itemtype=\"https:\/\/schema.org\/CreativeWork\" ><div class='avia_textblock'  itemprop=\"text\" ><p style=\"text-align: center;\"><strong><em>Malak<\/em><\/strong> (103&#8242;)<br \/>\nRegie: Abdeslam Kelai<\/p>\n<\/div><\/section><br \/>\n<br \/>\n<section  class='av_textblock_section av-av_textblock-0366cc7376be6c9e82a3e9cc8987b64f '   itemscope=\"itemscope\" itemtype=\"https:\/\/schema.org\/CreativeWork\" ><div class='avia_textblock'  itemprop=\"text\" ><p style=\"text-align: justify;\">Marokko. Die siebzehnj\u00e4hrige Sch\u00fclerin Malak wird schwanger und von ihrer Familie versto\u00dfen&#8230;<\/p>\n<\/div><\/section><br \/>\n<\/p><\/div>\n\n<style type=\"text\/css\" data-created_by=\"avia_inline_auto\" id=\"style-css-av-av_one_third-c86ee275aa8bfca827c1238299fa3dc8\">\n.flex_column.av-av_one_third-c86ee275aa8bfca827c1238299fa3dc8{\nborder-radius:0px 0px 0px 0px;\npadding:5px 5px 5px 5px;\nbackground-color:#191919;\n}\n<\/style>\n<div  class='flex_column av-av_one_third-c86ee275aa8bfca827c1238299fa3dc8 av_one_third  avia-builder-el-10  el_after_av_one_third  el_before_av_one_third  flex_column_div av-animated-generic pop-up  column-top-margin'     ><p>\n<style type=\"text\/css\" data-created_by=\"avia_inline_auto\" id=\"style-css-av-av_heading-8d162194c1f727c96a726b736d6e1623\">\n#top .av-special-heading.av-av_heading-8d162194c1f727c96a726b736d6e1623{\npadding-bottom:0;\n}\nbody .av-special-heading.av-av_heading-8d162194c1f727c96a726b736d6e1623 .av-special-heading-tag .heading-char{\nfont-size:25px;\n}\n.av-special-heading.av-av_heading-8d162194c1f727c96a726b736d6e1623 .av-subheading{\nfont-size:15px;\n}\n<\/style>\n<div  class='av-special-heading av-av_heading-8d162194c1f727c96a726b736d6e1623 av-special-heading-h3 meta-heading blockquote modern-quote modern-centered  avia-builder-el-11  el_before_av_textblock  avia-builder-el-first '><h3 class='av-special-heading-tag '  itemprop=\"headline\"  >Spielfilm<\/h3><div class=\"special-heading-border\"><div class=\"special-heading-inner-border\"><\/div><\/div><\/div><br \/>\n<section  class='av_textblock_section av-av_textblock-0366cc7376be6c9e82a3e9cc8987b64f '   itemscope=\"itemscope\" itemtype=\"https:\/\/schema.org\/CreativeWork\" ><div class='avia_textblock'  itemprop=\"text\" ><p style=\"text-align: center;\"><strong><em>Five<\/em> <\/strong>(80&#8242;)<br \/>\nRegie: Silvia Kovatchev<\/p>\n<\/div><\/section><br \/>\n<br \/>\n<section  class='av_textblock_section av-av_textblock-0366cc7376be6c9e82a3e9cc8987b64f '   itemscope=\"itemscope\" itemtype=\"https:\/\/schema.org\/CreativeWork\" ><div class='avia_textblock'  itemprop=\"text\" ><p style=\"text-align: justify;\">Filmmusik zu einem Familiendrama.<br \/>\nWeitere Musikausschnitte anh\u00f6ren:<\/p>\n<\/div><\/section><br \/>\n<\/p><\/div>\n\n<style type=\"text\/css\" data-created_by=\"avia_inline_auto\" id=\"style-css-av-av_one_third-c86ee275aa8bfca827c1238299fa3dc8\">\n.flex_column.av-av_one_third-c86ee275aa8bfca827c1238299fa3dc8{\nborder-radius:0px 0px 0px 0px;\npadding:5px 5px 5px 5px;\nbackground-color:#191919;\n}\n<\/style>\n<div  class='flex_column av-av_one_third-c86ee275aa8bfca827c1238299fa3dc8 av_one_third  avia-builder-el-16  el_after_av_one_third  el_before_av_one_third  flex_column_div av-animated-generic pop-up  column-top-margin'     ><p>\n<style type=\"text\/css\" data-created_by=\"avia_inline_auto\" id=\"style-css-av-av_heading-2aa28d8cea7502fd3ebb21e7796b11e0\">\n#top .av-special-heading.av-av_heading-2aa28d8cea7502fd3ebb21e7796b11e0{\npadding-bottom:0;\n}\nbody .av-special-heading.av-av_heading-2aa28d8cea7502fd3ebb21e7796b11e0 .av-special-heading-tag .heading-char{\nfont-size:25px;\n}\n.av-special-heading.av-av_heading-2aa28d8cea7502fd3ebb21e7796b11e0 .av-subheading{\nfont-size:15px;\n}\n<\/style>\n<div  class='av-special-heading av-av_heading-2aa28d8cea7502fd3ebb21e7796b11e0 av-special-heading-h3 meta-heading blockquote modern-quote modern-centered  avia-builder-el-17  el_before_av_textblock  avia-builder-el-first '><h3 class='av-special-heading-tag '  itemprop=\"headline\"  >Kurzfilm<\/h3><div class=\"special-heading-border\"><div class=\"special-heading-inner-border\"><\/div><\/div><\/div><br \/>\n<section  class='av_textblock_section av-av_textblock-0366cc7376be6c9e82a3e9cc8987b64f '   itemscope=\"itemscope\" itemtype=\"https:\/\/schema.org\/CreativeWork\" ><div class='avia_textblock'  itemprop=\"text\" ><p style=\"text-align: center;\"><strong><em>The Neverending Round<\/em> <\/strong>(8&#8217;36)<br \/>\nRegie: Yassine Benjama\u00e2<\/p>\n<\/div><\/section><br \/>\n<br \/>\n<section  class='av_textblock_section av-av_textblock-0366cc7376be6c9e82a3e9cc8987b64f '   itemscope=\"itemscope\" itemtype=\"https:\/\/schema.org\/CreativeWork\" ><div class='avia_textblock'  itemprop=\"text\" ><p style=\"text-align: justify;\">Musik zu einem st\u00f6renden Thema. Ein Film \u00fcber Gewalt in der Ehe.<\/p>\n<\/div><\/section><br \/>\n<\/p><\/div>\n\n<style type=\"text\/css\" data-created_by=\"avia_inline_auto\" id=\"style-css-av-av_one_third-e695a30998388af64bd4bdf44ef1c283\">\n.flex_column.av-av_one_third-e695a30998388af64bd4bdf44ef1c283{\nborder-radius:0px 0px 0px 0px;\npadding:5px 5px 5px 5px;\nbackground-color:#191919;\n}\n<\/style>\n<div  class='flex_column av-av_one_third-e695a30998388af64bd4bdf44ef1c283 av_one_third  avia-builder-el-22  el_after_av_one_third  el_before_av_one_third  first flex_column_div av-animated-generic pop-up  column-top-margin'     ><p>\n<style type=\"text\/css\" data-created_by=\"avia_inline_auto\" id=\"style-css-av-av_heading-2aa28d8cea7502fd3ebb21e7796b11e0\">\n#top .av-special-heading.av-av_heading-2aa28d8cea7502fd3ebb21e7796b11e0{\npadding-bottom:0;\n}\nbody .av-special-heading.av-av_heading-2aa28d8cea7502fd3ebb21e7796b11e0 .av-special-heading-tag .heading-char{\nfont-size:25px;\n}\n.av-special-heading.av-av_heading-2aa28d8cea7502fd3ebb21e7796b11e0 .av-subheading{\nfont-size:15px;\n}\n<\/style>\n<div  class='av-special-heading av-av_heading-2aa28d8cea7502fd3ebb21e7796b11e0 av-special-heading-h3 meta-heading blockquote modern-quote modern-centered  avia-builder-el-23  el_before_av_textblock  avia-builder-el-first '><h3 class='av-special-heading-tag '  itemprop=\"headline\"  >Kurzfilm<\/h3><div class=\"special-heading-border\"><div class=\"special-heading-inner-border\"><\/div><\/div><\/div><br \/>\n<section  class='av_textblock_section av-av_textblock-0366cc7376be6c9e82a3e9cc8987b64f '   itemscope=\"itemscope\" itemtype=\"https:\/\/schema.org\/CreativeWork\" ><div class='avia_textblock'  itemprop=\"text\" ><p style=\"text-align: center;\"><strong><em>Horla<\/em> <\/strong>(11&#8242;)<br \/>\nRegie: Gabriel Galand<\/p>\n<\/div><\/section><br \/>\n<br \/>\n<section  class='av_textblock_section av-av_textblock-0366cc7376be6c9e82a3e9cc8987b64f '   itemscope=\"itemscope\" itemtype=\"https:\/\/schema.org\/CreativeWork\" ><div class='avia_textblock'  itemprop=\"text\" ><p>Musik zu einem Kost\u00fcmfilm nach der Novelle &#8222;Horla&#8220; von Guy de Maupassant.<\/p>\n<\/div><\/section><br \/>\n<\/p><\/div>\n\n<style type=\"text\/css\" data-created_by=\"avia_inline_auto\" id=\"style-css-av-av_one_third-c86ee275aa8bfca827c1238299fa3dc8\">\n.flex_column.av-av_one_third-c86ee275aa8bfca827c1238299fa3dc8{\nborder-radius:0px 0px 0px 0px;\npadding:5px 5px 5px 5px;\nbackground-color:#191919;\n}\n<\/style>\n<div  class='flex_column av-av_one_third-c86ee275aa8bfca827c1238299fa3dc8 av_one_third  avia-builder-el-28  el_after_av_one_third  el_before_av_one_third  flex_column_div av-animated-generic pop-up  column-top-margin'     ><p>\n<style type=\"text\/css\" data-created_by=\"avia_inline_auto\" id=\"style-css-av-av_heading-b1e76bf79dae32c3f41f1256f5009e21\">\n#top .av-special-heading.av-av_heading-b1e76bf79dae32c3f41f1256f5009e21{\npadding-bottom:0;\n}\nbody .av-special-heading.av-av_heading-b1e76bf79dae32c3f41f1256f5009e21 .av-special-heading-tag .heading-char{\nfont-size:25px;\n}\n.av-special-heading.av-av_heading-b1e76bf79dae32c3f41f1256f5009e21 .av-subheading{\nfont-size:15px;\n}\n<\/style>\n<div  class='av-special-heading av-av_heading-b1e76bf79dae32c3f41f1256f5009e21 av-special-heading-h3 meta-heading blockquote modern-quote modern-centered  avia-builder-el-29  el_before_av_textblock  avia-builder-el-first '><h3 class='av-special-heading-tag '  itemprop=\"headline\"  >Kurzfilm &#8211; Bootleg \u201975 Prod.<\/h3><div class=\"special-heading-border\"><div class=\"special-heading-inner-border\"><\/div><\/div><\/div><br \/>\n<section  class='av_textblock_section av-av_textblock-0366cc7376be6c9e82a3e9cc8987b64f '   itemscope=\"itemscope\" itemtype=\"https:\/\/schema.org\/CreativeWork\" ><div class='avia_textblock'  itemprop=\"text\" ><p style=\"text-align: center;\"><strong><em>Alcoholics Synonymous<\/em> <\/strong>(20&#8242;)<br \/>\nRegie: Benjamin Guerra<\/p>\n<\/div><\/section><br \/>\n<br \/>\n<section  class='av_textblock_section av-av_textblock-0366cc7376be6c9e82a3e9cc8987b64f '   itemscope=\"itemscope\" itemtype=\"https:\/\/schema.org\/CreativeWork\" ><div class='avia_textblock'  itemprop=\"text\" ><p style=\"text-align: justify;\">Eine Geschichte \u00fcber einen Teufelskreis und die Schwierigkeit, ihm zu entringen.<\/p>\n<\/div><\/section><br \/>\n<\/p><\/div>\n<style type=\"text\/css\" data-created_by=\"avia_inline_auto\" id=\"style-css-av-av_one_third-c86ee275aa8bfca827c1238299fa3dc8\">\n.flex_column.av-av_one_third-c86ee275aa8bfca827c1238299fa3dc8{\nborder-radius:0px 0px 0px 0px;\npadding:5px 5px 5px 5px;\nbackground-color:#191919;\n}\n<\/style>\n<div  class='flex_column av-av_one_third-c86ee275aa8bfca827c1238299fa3dc8 av_one_third  avia-builder-el-34  el_after_av_one_third  el_before_av_one_third  flex_column_div av-animated-generic pop-up  column-top-margin'     ><p>\n<style type=\"text\/css\" data-created_by=\"avia_inline_auto\" id=\"style-css-av-av_heading-dc027ec270de3e8b336a74f5c66ab5e9\">\n#top .av-special-heading.av-av_heading-dc027ec270de3e8b336a74f5c66ab5e9{\npadding-bottom:0;\n}\nbody .av-special-heading.av-av_heading-dc027ec270de3e8b336a74f5c66ab5e9 .av-special-heading-tag .heading-char{\nfont-size:25px;\n}\n.av-special-heading.av-av_heading-dc027ec270de3e8b336a74f5c66ab5e9 .av-subheading{\nfont-size:15px;\n}\n<\/style>\n<div  class='av-special-heading av-av_heading-dc027ec270de3e8b336a74f5c66ab5e9 av-special-heading-h3 meta-heading blockquote modern-quote modern-centered  avia-builder-el-35  el_before_av_textblock  avia-builder-el-first '><h3 class='av-special-heading-tag '  itemprop=\"headline\"  >Super8 Trickfilm<\/h3><div class=\"special-heading-border\"><div class=\"special-heading-inner-border\"><\/div><\/div><\/div><br \/>\n<section  class='av_textblock_section av-av_textblock-0366cc7376be6c9e82a3e9cc8987b64f '   itemscope=\"itemscope\" itemtype=\"https:\/\/schema.org\/CreativeWork\" ><div class='avia_textblock'  itemprop=\"text\" ><p style=\"text-align: center;\"><strong><em>Formica alucafca<\/em> <\/strong>(6&#8242;)<br \/>\nRegie: Bernhard Elsner<\/p>\n<\/div><\/section><br \/>\n<br \/>\n<section  class='av_textblock_section av-av_textblock-0366cc7376be6c9e82a3e9cc8987b64f '   itemscope=\"itemscope\" itemtype=\"https:\/\/schema.org\/CreativeWork\" ><div class='avia_textblock'  itemprop=\"text\" ><p style=\"text-align: justify;\">Spass am letzten Tag der Dreharbeiten im Regenwald. Mit einem Hommage an Franz Kafka.<\/p>\n<\/div><\/section><br \/>\n<\/p><\/div><\/p>\n\n<style type=\"text\/css\" data-created_by=\"avia_inline_auto\" id=\"style-css-av-av_one_third-e695a30998388af64bd4bdf44ef1c283\">\n.flex_column.av-av_one_third-e695a30998388af64bd4bdf44ef1c283{\nborder-radius:0px 0px 0px 0px;\npadding:5px 5px 5px 5px;\nbackground-color:#191919;\n}\n<\/style>\n<div  class='flex_column av-av_one_third-e695a30998388af64bd4bdf44ef1c283 av_one_third  avia-builder-el-40  el_after_av_one_third  el_before_av_one_third  first flex_column_div av-animated-generic pop-up  column-top-margin'     ><p>\n<style type=\"text\/css\" data-created_by=\"avia_inline_auto\" id=\"style-css-av-av_heading-90abdb2b730a05531468508b1d6a25a0\">\n#top .av-special-heading.av-av_heading-90abdb2b730a05531468508b1d6a25a0{\npadding-bottom:0;\n}\nbody .av-special-heading.av-av_heading-90abdb2b730a05531468508b1d6a25a0 .av-special-heading-tag .heading-char{\nfont-size:25px;\n}\n.av-special-heading.av-av_heading-90abdb2b730a05531468508b1d6a25a0 .av-subheading{\nfont-size:15px;\n}\n<\/style>\n<div  class='av-special-heading av-av_heading-90abdb2b730a05531468508b1d6a25a0 av-special-heading-h3 meta-heading blockquote modern-quote modern-centered  avia-builder-el-41  el_before_av_textblock  avia-builder-el-first '><h3 class='av-special-heading-tag '  itemprop=\"headline\"  >Kurzfilm &#8211; Lupo Productions<\/h3><div class=\"special-heading-border\"><div class=\"special-heading-inner-border\"><\/div><\/div><\/div><br \/>\n<section  class='av_textblock_section av-av_textblock-0366cc7376be6c9e82a3e9cc8987b64f '   itemscope=\"itemscope\" itemtype=\"https:\/\/schema.org\/CreativeWork\" ><div class='avia_textblock'  itemprop=\"text\" ><p style=\"text-align: center;\"><strong><em>To Build a Fire<\/em> <\/strong>(21&#8242;)<br \/>\nRegie: Luca Armenia<\/p>\n<\/div><\/section><br \/>\n<br \/>\n<section  class='av_textblock_section av-av_textblock-0366cc7376be6c9e82a3e9cc8987b64f '   itemscope=\"itemscope\" itemtype=\"https:\/\/schema.org\/CreativeWork\" ><div class='avia_textblock'  itemprop=\"text\" ><p style=\"text-align: justify;\">Nach Jack Londons gleichnamiger Kurzgeschichte. Ein Trapper im hohen Norden Amerikas braucht ein Feuer, sonst stirbt er im Schnee. Kameramann: <a href=\"http:\/\/www.laurentking.com\/\" target=\"_blank\" rel=\"noopener\">Laurent King<\/a>.<\/p>\n<\/div><\/section><br \/>\n<\/p><\/div>\n\n<style type=\"text\/css\" data-created_by=\"avia_inline_auto\" id=\"style-css-av-av_one_third-c86ee275aa8bfca827c1238299fa3dc8\">\n.flex_column.av-av_one_third-c86ee275aa8bfca827c1238299fa3dc8{\nborder-radius:0px 0px 0px 0px;\npadding:5px 5px 5px 5px;\nbackground-color:#191919;\n}\n<\/style>\n<div  class='flex_column av-av_one_third-c86ee275aa8bfca827c1238299fa3dc8 av_one_third  avia-builder-el-46  el_after_av_one_third  el_before_av_one_third  flex_column_div av-animated-generic pop-up  column-top-margin'     ><p>\n<style type=\"text\/css\" data-created_by=\"avia_inline_auto\" id=\"style-css-av-av_heading-e1f9bac4d68d1842f2074665cebdc939\">\n#top .av-special-heading.av-av_heading-e1f9bac4d68d1842f2074665cebdc939{\npadding-bottom:0;\n}\nbody .av-special-heading.av-av_heading-e1f9bac4d68d1842f2074665cebdc939 .av-special-heading-tag .heading-char{\nfont-size:25px;\n}\n.av-special-heading.av-av_heading-e1f9bac4d68d1842f2074665cebdc939 .av-subheading{\nfont-size:15px;\n}\n<\/style>\n<div  class='av-special-heading av-av_heading-e1f9bac4d68d1842f2074665cebdc939 av-special-heading-h3 meta-heading blockquote modern-quote modern-centered  avia-builder-el-47  el_before_av_textblock  avia-builder-el-first '><h3 class='av-special-heading-tag '  itemprop=\"headline\"  >Trailer<\/h3><div class=\"special-heading-border\"><div class=\"special-heading-inner-border\"><\/div><\/div><\/div><br \/>\n<section  class='av_textblock_section av-av_textblock-0366cc7376be6c9e82a3e9cc8987b64f '   itemscope=\"itemscope\" itemtype=\"https:\/\/schema.org\/CreativeWork\" ><div class='avia_textblock'  itemprop=\"text\" ><p style=\"text-align: center;\"><strong><em>Joseph, Chevalier de Saint-George<\/em> <\/strong>(5&#8242;)<br \/>\nRegie: David Tomaszewski<\/p>\n<\/div><\/section><br \/>\n<br \/>\n<section  class='av_textblock_section av-av_textblock-0366cc7376be6c9e82a3e9cc8987b64f '   itemscope=\"itemscope\" itemtype=\"https:\/\/schema.org\/CreativeWork\" ><div class='avia_textblock'  itemprop=\"text\" ><p style=\"text-align: justify;\"><a href=\"http:\/\/de.wikipedia.org\/wiki\/Chevalier_de_Saint-George\" target=\"_blank\" rel=\"noopener\">Joseph Chevalier de Saint-George<\/a> war in den Pariser Salons des 18. Jahrhunderts zu Hause. Als Fechter, Violonist und Frauenheld&#8230;<\/p>\n<\/div><\/section><br \/>\n<\/p><\/div>\n\n<style type=\"text\/css\" data-created_by=\"avia_inline_auto\" id=\"style-css-av-av_one_third-c86ee275aa8bfca827c1238299fa3dc8\">\n.flex_column.av-av_one_third-c86ee275aa8bfca827c1238299fa3dc8{\nborder-radius:0px 0px 0px 0px;\npadding:5px 5px 5px 5px;\nbackground-color:#191919;\n}\n<\/style>\n<div  class='flex_column av-av_one_third-c86ee275aa8bfca827c1238299fa3dc8 av_one_third  avia-builder-el-52  el_after_av_one_third  avia-builder-el-last  flex_column_div av-animated-generic pop-up  column-top-margin'     ><p>\n<style type=\"text\/css\" data-created_by=\"avia_inline_auto\" id=\"style-css-av-av_heading-21ca6f79f10777e92f8bab27657b3d65\">\n#top .av-special-heading.av-av_heading-21ca6f79f10777e92f8bab27657b3d65{\npadding-bottom:0;\n}\nbody .av-special-heading.av-av_heading-21ca6f79f10777e92f8bab27657b3d65 .av-special-heading-tag .heading-char{\nfont-size:25px;\n}\n.av-special-heading.av-av_heading-21ca6f79f10777e92f8bab27657b3d65 .av-subheading{\nfont-size:15px;\n}\n<\/style>\n<div  class='av-special-heading av-av_heading-21ca6f79f10777e92f8bab27657b3d65 av-special-heading-h3 meta-heading blockquote modern-quote modern-centered  avia-builder-el-53  el_before_av_textblock  avia-builder-el-first '><h3 class='av-special-heading-tag '  itemprop=\"headline\"  >Studentenfilm<\/h3><div class=\"special-heading-border\"><div class=\"special-heading-inner-border\"><\/div><\/div><\/div><br \/>\n<section  class='av_textblock_section av-av_textblock-0366cc7376be6c9e82a3e9cc8987b64f '   itemscope=\"itemscope\" itemtype=\"https:\/\/schema.org\/CreativeWork\" ><div class='avia_textblock'  itemprop=\"text\" ><p style=\"text-align: center;\"><strong><i>Angel&#8217;s Meal<\/i> <\/strong>(4&#8242;)<br \/>\nRegie: Yvonne Miehlke<\/p>\n<\/div><\/section><br \/>\n<br \/>\n<section  class='av_textblock_section av-av_textblock-0366cc7376be6c9e82a3e9cc8987b64f '   itemscope=\"itemscope\" itemtype=\"https:\/\/schema.org\/CreativeWork\" ><div class='avia_textblock'  itemprop=\"text\" ><p style=\"text-align: justify;\">Romantische Musik f\u00fcr Oboe und<br \/>\nStreichquartett.<\/p>\n<\/div><\/section><br \/>\n<\/p><\/div>\n","protected":false},"excerpt":{"rendered":"","protected":false},"author":2,"featured_media":0,"parent":0,"menu_order":0,"comment_status":"closed","ping_status":"closed","template":"","meta":{"footnotes":""},"class_list":["post-283","page","type-page","status-publish","hentry"],"_links":{"self":[{"href":"https:\/\/film-tunes.org\/de\/wp-json\/wp\/v2\/pages\/283"}],"collection":[{"href":"https:\/\/film-tunes.org\/de\/wp-json\/wp\/v2\/pages"}],"about":[{"href":"https:\/\/film-tunes.org\/de\/wp-json\/wp\/v2\/types\/page"}],"author":[{"embeddable":true,"href":"https:\/\/film-tunes.org\/de\/wp-json\/wp\/v2\/users\/2"}],"replies":[{"embeddable":true,"href":"https:\/\/film-tunes.org\/de\/wp-json\/wp\/v2\/comments?post=283"}],"version-history":[{"count":9,"href":"https:\/\/film-tunes.org\/de\/wp-json\/wp\/v2\/pages\/283\/revisions"}],"predecessor-version":[{"id":407,"href":"https:\/\/film-tunes.org\/de\/wp-json\/wp\/v2\/pages\/283\/revisions\/407"}],"wp:attachment":[{"href":"https:\/\/film-tunes.org\/de\/wp-json\/wp\/v2\/media?parent=283"}],"curies":[{"name":"wp","href":"https:\/\/api.w.org\/{rel}","templated":true}]}}