{"id":264,"date":"2016-06-16T09:56:49","date_gmt":"2016-06-16T07:56:49","guid":{"rendered":"http:\/\/film.tunes.org\/?page_id=264&#038;lang=de"},"modified":"2026-01-09T21:15:21","modified_gmt":"2026-01-09T20:15:21","slug":"home","status":"publish","type":"page","link":"https:\/\/film-tunes.org\/de\/","title":{"rendered":"Home"},"content":{"rendered":"\n<style type=\"text\/css\" data-created_by=\"avia_inline_auto\" id=\"style-css-av-av_section-84d75e9ef68f781ed5fab8687209eaec\">\n.avia-section.av-av_section-84d75e9ef68f781ed5fab8687209eaec{\nbackground-color:#191919;\nbackground-image:unset;\n}\n<\/style>\n<div id='av_section_1'  class='avia-section av-av_section-84d75e9ef68f781ed5fab8687209eaec main_color avia-section-small avia-shadow  avia-builder-el-0  el_before_av_one_third  avia-builder-el-first  avia-bg-style-scroll container_wrap fullsize'  ><div class='container av-section-cont-open' ><main  role=\"main\" itemprop=\"mainContentOfPage\"  class='template-page content  av-content-full alpha units'><div class='post-entry post-entry-type-page post-entry-264'><div class='entry-content-wrapper clearfix'>\n\n<style type=\"text\/css\" data-created_by=\"avia_inline_auto\" id=\"style-css-av-av_three_fourth-6126cab7d8fab8d08143dd2dacdf673c\">\n.flex_column.av-av_three_fourth-6126cab7d8fab8d08143dd2dacdf673c{\nborder-radius:0px 0px 0px 0px;\npadding:0px 0px 0px 0px;\n}\n<\/style>\n<div  class='flex_column av-av_three_fourth-6126cab7d8fab8d08143dd2dacdf673c av_three_fourth  avia-builder-el-1  el_before_av_one_fourth  avia-builder-el-first  first flex_column_div av-zero-column-padding  '     ><section  class='av_textblock_section av-av_textblock-0366cc7376be6c9e82a3e9cc8987b64f '   itemscope=\"itemscope\" itemtype=\"https:\/\/schema.org\/CreativeWork\" ><div class='avia_textblock'  itemprop=\"text\" ><p style=\"text-align: justify;\"><strong>Willkommen auf meiner Filmmusik Webseite!<br \/>\n<\/strong>Hier k\u00f6nnen Sie mp3 und Video Ausschnitte aus meinen Kompositionen f\u00fcr Film und Fernsehen h\u00f6ren und anschauen. Und wer weiss &#8211; vielleicht ist ja die eine oder andere Filmmusik dabei, die Sie als Regisseur f\u00fcr Ihr Filmprojekt gebrauchen k\u00f6nnen. Bitte schreiben Sie mir, falls Sie an einer Zusammenarbeit interessiert sind und eine Demo-CD bekommen m\u00f6chten.<\/p>\n<p>Viel Spass beim Reinh\u00f6ren!<\/p>\n<\/div><\/section><\/div>\n<style type=\"text\/css\" data-created_by=\"avia_inline_auto\" id=\"style-css-av-av_one_fourth-0aa7055fe62c3622faec82866afbaeb2\">\n.flex_column.av-av_one_fourth-0aa7055fe62c3622faec82866afbaeb2{\nborder-radius:0px 0px 0px 0px;\npadding:0px 0px 0px 0px;\n}\n<\/style>\n<div  class='flex_column av-av_one_fourth-0aa7055fe62c3622faec82866afbaeb2 av_one_fourth  avia-builder-el-3  el_after_av_three_fourth  avia-builder-el-last  flex_column_div av-zero-column-padding  '     ><p>\n<style type=\"text\/css\" data-created_by=\"avia_inline_auto\" id=\"style-css-av-av_image-b45d11a68acc2f5b1f506b4e0e2ae42e\">\n.avia-image-container.av-av_image-b45d11a68acc2f5b1f506b4e0e2ae42e img.avia_image{\nbox-shadow:none;\n}\n.avia-image-container.av-av_image-b45d11a68acc2f5b1f506b4e0e2ae42e .av-image-caption-overlay-center{\ncolor:#ffffff;\n}\n<\/style>\n<div  class='avia-image-container av-av_image-b45d11a68acc2f5b1f506b4e0e2ae42e av-styling- avia_animated_image av-animated-when-visible-95 fade-in avia-align-center  avia-builder-el-4  el_before_av_textblock  avia-builder-el-first '   itemprop=\"image\" itemscope=\"itemscope\" itemtype=\"https:\/\/schema.org\/ImageObject\" ><div class=\"avia-image-container-inner\"><div class=\"avia-image-overlay-wrap\"><img fetchpriority=\"high\" class='wp-image-639 avia-img-lazy-loading-not-639 avia_image ' src='https:\/\/film-tunes.org\/wp-content\/uploads\/2016\/06\/bernhard_elsner_composer_opt.jpg' alt='' title='bernhard_elsner_composer_opt'  height=\"148\" width=\"222\"  itemprop=\"thumbnailUrl\"  \/><\/div><\/div><\/div><br \/>\n<section  class='av_textblock_section av-av_textblock-0366cc7376be6c9e82a3e9cc8987b64f '   itemscope=\"itemscope\" itemtype=\"https:\/\/schema.org\/CreativeWork\" ><div class='avia_textblock'  itemprop=\"text\" ><p style=\"text-align: center;\"><strong>Bernhard Elsner<\/strong><br \/>\nKomponist von Filmmusik<\/p>\n<\/div><\/section><\/p><\/div>\n<\/div><\/div><\/main><!-- close content main element --><\/div><\/div><div id='after_section_1'  class='main_color av_default_container_wrap container_wrap fullsize'  ><div class='container av-section-cont-open' ><div class='template-page content  av-content-full alpha units'><div class='post-entry post-entry-type-page post-entry-264'><div class='entry-content-wrapper clearfix'>\n\n<style type=\"text\/css\" data-created_by=\"avia_inline_auto\" id=\"style-css-av-av_one_third-6126cab7d8fab8d08143dd2dacdf673c\">\n.flex_column.av-av_one_third-6126cab7d8fab8d08143dd2dacdf673c{\nborder-radius:0px 0px 0px 0px;\npadding:0px 0px 0px 0px;\n}\n<\/style>\n<div  class='flex_column av-av_one_third-6126cab7d8fab8d08143dd2dacdf673c av_one_third  avia-builder-el-6  el_after_av_section  el_before_av_one_third  avia-builder-el-first  first flex_column_div av-zero-column-padding  '     ><p>\n<style type=\"text\/css\" data-created_by=\"avia_inline_auto\" id=\"style-css-av-av_heading-522b2237fee125763a5dbd975b379dbc\">\n#top .av-special-heading.av-av_heading-522b2237fee125763a5dbd975b379dbc{\npadding-bottom:10px;\n}\nbody .av-special-heading.av-av_heading-522b2237fee125763a5dbd975b379dbc .av-special-heading-tag .heading-char{\nfont-size:25px;\n}\n.av-special-heading.av-av_heading-522b2237fee125763a5dbd975b379dbc .av-subheading{\nfont-size:15px;\n}\n<\/style>\n<div  class='av-special-heading av-av_heading-522b2237fee125763a5dbd975b379dbc av-special-heading-h3  avia-builder-el-7  el_before_av_codeblock  avia-builder-el-first '><h3 class='av-special-heading-tag '  itemprop=\"headline\"  >Eine Auswahl meiner St\u00fccke<\/h3><div class=\"special-heading-border\"><div class=\"special-heading-inner-border\"><\/div><\/div><\/div><br \/>\n<\/p><\/div>\n\n<style type=\"text\/css\" data-created_by=\"avia_inline_auto\" id=\"style-css-av-av_one_third-0aa7055fe62c3622faec82866afbaeb2\">\n.flex_column.av-av_one_third-0aa7055fe62c3622faec82866afbaeb2{\nborder-radius:0px 0px 0px 0px;\npadding:0px 0px 0px 0px;\n}\n<\/style>\n<div  class='flex_column av-av_one_third-0aa7055fe62c3622faec82866afbaeb2 av_one_third  avia-builder-el-9  el_after_av_one_third  el_before_av_one_third  flex_column_div av-zero-column-padding  '     ><p>\n<style type=\"text\/css\" data-created_by=\"avia_inline_auto\" id=\"style-css-av-av_heading-a609a15067a1041c7c6225247b3a61d0\">\n#top .av-special-heading.av-av_heading-a609a15067a1041c7c6225247b3a61d0{\npadding-bottom:10px;\n}\nbody .av-special-heading.av-av_heading-a609a15067a1041c7c6225247b3a61d0 .av-special-heading-tag .heading-char{\nfont-size:25px;\n}\n.av-special-heading.av-av_heading-a609a15067a1041c7c6225247b3a61d0 .av-subheading{\nfont-size:15px;\n}\n<\/style>\n<div  class='av-special-heading av-av_heading-a609a15067a1041c7c6225247b3a61d0 av-special-heading-h3  avia-builder-el-10  el_before_av_textblock  avia-builder-el-first '><h3 class='av-special-heading-tag '  itemprop=\"headline\"  >Ein Projekt<\/h3><div class=\"special-heading-border\"><div class=\"special-heading-inner-border\"><\/div><\/div><\/div><br \/>\n<section  class='av_textblock_section av-av_textblock-2de302bf1aa3cf4c9157dbe6f50ac7eb '   itemscope=\"itemscope\" itemtype=\"https:\/\/schema.org\/CreativeWork\" ><div class='avia_textblock'  itemprop=\"text\" ><p style=\"text-align: center;\"><em><cite><strong>Werbefilm Lidl<\/strong><\/cite><\/em><br \/>\nmit Thierry Angelvy<\/p>\n<\/div><\/section><br \/>\n<br \/>\n<section  class='av_textblock_section av-av_textblock-2de302bf1aa3cf4c9157dbe6f50ac7eb '   itemscope=\"itemscope\" itemtype=\"https:\/\/schema.org\/CreativeWork\" ><div class='avia_textblock'  itemprop=\"text\" ><p style=\"text-align: justify;\">Musik f\u00fcr einen Werbfilm des Discounters Lidl France.<br \/>\nInstrumentation :\u00a0 Streichseptuor, aufgenommen im\u00a0<a href=\"https:\/\/www.bing.com\/ck\/a?!&amp;&amp;p=a4a156ebcb642cadc36ce1191d7c79b4b56cc6ec3e8eb81d6f44fe5ff62b3928JmltdHM9MTc2NzkxNjgwMA&amp;ptn=3&amp;ver=2&amp;hsh=4&amp;fclid=01949a34-6d16-689c-363a-89ec6c376941&amp;u=a1aHR0cDovL3d3dy5uaWNlc291bmRzdHVkaW8uZnIv\" target=\"_blank\" rel=\"noopener\">Nice Sound Studio<\/a>.<\/p>\n<\/div><\/section><\/p><\/div>\n<style type=\"text\/css\" data-created_by=\"avia_inline_auto\" id=\"style-css-av-av_one_third-0aa7055fe62c3622faec82866afbaeb2\">\n.flex_column.av-av_one_third-0aa7055fe62c3622faec82866afbaeb2{\nborder-radius:0px 0px 0px 0px;\npadding:0px 0px 0px 0px;\n}\n<\/style>\n<div  class='flex_column av-av_one_third-0aa7055fe62c3622faec82866afbaeb2 av_one_third  avia-builder-el-14  el_after_av_one_third  avia-builder-el-last  flex_column_div av-zero-column-padding  '     ><p>\n<style type=\"text\/css\" data-created_by=\"avia_inline_auto\" id=\"style-css-av-av_heading-cb712001fcd19b7a2af6ab3f9e0cc740\">\n#top .av-special-heading.av-av_heading-cb712001fcd19b7a2af6ab3f9e0cc740{\npadding-bottom:10px;\n}\nbody .av-special-heading.av-av_heading-cb712001fcd19b7a2af6ab3f9e0cc740 .av-special-heading-tag .heading-char{\nfont-size:25px;\n}\n.av-special-heading.av-av_heading-cb712001fcd19b7a2af6ab3f9e0cc740 .av-subheading{\nfont-size:15px;\n}\n<\/style>\n<div  class='av-special-heading av-av_heading-cb712001fcd19b7a2af6ab3f9e0cc740 av-special-heading-h3  avia-builder-el-15  el_before_av_textblock  avia-builder-el-first '><h3 class='av-special-heading-tag '  itemprop=\"headline\"  >Mehr sehen <span class='special_amp'>&amp;<\/span> h\u00f6ren<\/h3><div class=\"special-heading-border\"><div class=\"special-heading-inner-border\"><\/div><\/div><\/div><br \/>\n<section  class='av_textblock_section av-av_textblock-0366cc7376be6c9e82a3e9cc8987b64f '   itemscope=\"itemscope\" itemtype=\"https:\/\/schema.org\/CreativeWork\" ><div class='avia_textblock'  itemprop=\"text\" ><p>Bitte w\u00e4hlen Sie eine Kategorie:<\/p>\n<ul>\n<li><a href=\"http:\/\/film-tunes.org\/de\/musik-zum-dokumentarfilm\/\">Dokumentationen<\/a><\/li>\n<li><a href=\"http:\/\/film-tunes.org\/de\/komponist-musik-zu-naturdokumentationen-tierfilmen\/\">Natur- und Tierfilme<\/a><\/li>\n<li><a href=\"http:\/\/film-tunes.org\/de\/komponist-musik-fuer-spielfilme\">Spielfilme<\/a><\/li>\n<li><a href=\"http:\/\/film-tunes.org\/de\/musikuntermalung-corporate-videos\/\">Unternehmensfilme &amp; andere<\/a><\/li>\n<\/ul>\n<\/div><\/section><br \/>\n\n<style type=\"text\/css\" data-created_by=\"avia_inline_auto\" id=\"style-css-av-av_heading-405f4d8d5863fe974ea8ae7d5d5afd88\">\n#top .av-special-heading.av-av_heading-405f4d8d5863fe974ea8ae7d5d5afd88{\npadding-bottom:10px;\n}\nbody .av-special-heading.av-av_heading-405f4d8d5863fe974ea8ae7d5d5afd88 .av-special-heading-tag .heading-char{\nfont-size:25px;\n}\n.av-special-heading.av-av_heading-405f4d8d5863fe974ea8ae7d5d5afd88 .av-subheading{\nfont-size:15px;\n}\n<\/style>\n<div  class='av-special-heading av-av_heading-405f4d8d5863fe974ea8ae7d5d5afd88 av-special-heading-h3  avia-builder-el-17  el_after_av_textblock  el_before_av_textblock '><h3 class='av-special-heading-tag '  itemprop=\"headline\"  >Aktuelles<\/h3><div class=\"special-heading-border\"><div class=\"special-heading-inner-border\"><\/div><\/div><\/div><br \/>\n<section  class='av_textblock_section av-av_textblock-2de302bf1aa3cf4c9157dbe6f50ac7eb '   itemscope=\"itemscope\" itemtype=\"https:\/\/schema.org\/CreativeWork\" ><div class='avia_textblock'  itemprop=\"text\" ><p>Das Album <a href=\"https:\/\/myma.emipm.com\/fr\/browse\/labels\/MYR\/36\" target=\"_blank\" rel=\"noopener\">Classical Hit Point<\/a> ist beim Label Myma von <a href=\"https:\/\/www.emipm.com\/de\/\" target=\"_blank\" rel=\"noopener\">EMI Production Music<\/a> erschienen.<br \/>\nEbenfalls erh\u00e4ltlich bei <a href=\"https:\/\/open.spotify.com\/album\/3eu39AR5MphxrG4L3ayIuW\" target=\"_blank\" rel=\"noopener\">Spotify<\/a>, <a href=\"https:\/\/itunes.apple.com\/album\/1454857744\" target=\"_blank\" rel=\"noopener\">i-Tunes<\/a>, <a href=\"https:\/\/www.deezer.com\/album\/89061412\" target=\"_blank\" rel=\"noopener\">Deezer<\/a> un <a href=\"https:\/\/www.amazon.de\/Classical-Hit-Point\/dp\/B07P688XZM\/\" target=\"_blank\" rel=\"noopener\">Amazon<\/a>.<\/p>\n<\/div><\/section><br \/>\n\n<style type=\"text\/css\" data-created_by=\"avia_inline_auto\" id=\"style-css-av-av_heading-998e6783c1429b463d3fde1fabb0e93c\">\n#top .av-special-heading.av-av_heading-998e6783c1429b463d3fde1fabb0e93c{\npadding-bottom:10px;\n}\nbody .av-special-heading.av-av_heading-998e6783c1429b463d3fde1fabb0e93c .av-special-heading-tag .heading-char{\nfont-size:25px;\n}\n.av-special-heading.av-av_heading-998e6783c1429b463d3fde1fabb0e93c .av-subheading{\nfont-size:15px;\n}\n<\/style>\n<div  class='av-special-heading av-av_heading-998e6783c1429b463d3fde1fabb0e93c av-special-heading-h3  avia-builder-el-19  el_after_av_textblock  el_before_av_textblock '><h3 class='av-special-heading-tag '  itemprop=\"headline\"  >Links<\/h3><div class=\"special-heading-border\"><div class=\"special-heading-inner-border\"><\/div><\/div><\/div><br \/>\n<section  class='av_textblock_section av-av_textblock-0366cc7376be6c9e82a3e9cc8987b64f '   itemscope=\"itemscope\" itemtype=\"https:\/\/schema.org\/CreativeWork\" ><div class='avia_textblock'  itemprop=\"text\" ><p style=\"text-align: justify;\">Gemeinsam mit <a href=\"http:\/\/www.alexandre-mabeix.com\" target=\"_blank\" rel=\"noopener\">Alexandre Mabeix<\/a> und <a href=\"http:\/\/tanguyfollio.free.fr\" target=\"_blank\" rel=\"noopener\">Tanguy Follio<\/a> habe ich <a href=\"http:\/\/www.latroika.com\" target=\"_blank\" rel=\"noopener\"><b>La Tro\u00efka<\/b><\/a> ins Leben gerufen, eine Art kleine Musikkolchose, in der mehrere Komponisten das gemeinsame Ziel verfolgen, Filmregisseuren und Produzenten die passende Musik zu liefern. Wir arbeiten sowohl mit Synthezisern und Samplern als auch mit Livemusikern und decken zusammen ein breites Spektrum an verschiedenen Musikrichtungen ab.<\/p>\n<\/div><\/section><\/p><\/div><\/p>\n","protected":false},"excerpt":{"rendered":"","protected":false},"author":1,"featured_media":0,"parent":0,"menu_order":0,"comment_status":"closed","ping_status":"closed","template":"","meta":{"footnotes":""},"class_list":["post-264","page","type-page","status-publish","hentry"],"_links":{"self":[{"href":"https:\/\/film-tunes.org\/de\/wp-json\/wp\/v2\/pages\/264"}],"collection":[{"href":"https:\/\/film-tunes.org\/de\/wp-json\/wp\/v2\/pages"}],"about":[{"href":"https:\/\/film-tunes.org\/de\/wp-json\/wp\/v2\/types\/page"}],"author":[{"embeddable":true,"href":"https:\/\/film-tunes.org\/de\/wp-json\/wp\/v2\/users\/1"}],"replies":[{"embeddable":true,"href":"https:\/\/film-tunes.org\/de\/wp-json\/wp\/v2\/comments?post=264"}],"version-history":[{"count":19,"href":"https:\/\/film-tunes.org\/de\/wp-json\/wp\/v2\/pages\/264\/revisions"}],"predecessor-version":[{"id":625,"href":"https:\/\/film-tunes.org\/de\/wp-json\/wp\/v2\/pages\/264\/revisions\/625"}],"wp:attachment":[{"href":"https:\/\/film-tunes.org\/de\/wp-json\/wp\/v2\/media?parent=264"}],"curies":[{"name":"wp","href":"https:\/\/api.w.org\/{rel}","templated":true}]}}